{"id":4599,"date":"2021-12-07T08:29:11","date_gmt":"2021-12-07T01:29:11","guid":{"rendered":"https:\/\/hungduy.vn\/ban-hang-binh-on-gia\/"},"modified":"2024-03-25T08:54:23","modified_gmt":"2024-03-25T01:54:23","slug":"ban-hang-binh-on-gia","status":"publish","type":"page","link":"https:\/\/hungduy.vn\/en\/sustainable-development\/community-activities\/ban-hang-binh-on-gia\/","title":{"rendered":"B\u00e1n h\u00e0ng b\u00ecnh \u1ed5n gi\u00e1"},"content":{"rendered":"\t<section class=\"section\" id=\"section_255134359\">\n\t\t<div class=\"bg section-bg fill bg-fill  bg-loaded\" >\n\n\t\t\t\n\t\t\t<div class=\"section-bg-overlay absolute fill\"><\/div>\n\t\t\t\n\n\t\t<\/div>\n\n\t\t<div class=\"section-content relative\">\n\t\t\t\n\n  <div class=\"banner has-hover hide-for-medium\" id=\"banner-868248968\">\n          <div class=\"banner-inner fill\">\n        <div class=\"banner-bg fill\" >\n            <div class=\"bg fill bg-fill \"><\/div>\n                                    \n                    <\/div>\n        <div class=\"banner-layers container\">\n            <div class=\"fill banner-link\"><\/div>            \n        <\/div>\n      <\/div>\n\n            \n<style>\n#banner-868248968 {\n  padding-top: 450px;\n}\n#banner-868248968 .bg.bg-loaded {\n  background-image: url(https:\/\/hungduy.vn\/wp-content\/uploads\/2022\/05\/IMG20201117101436-1024x768.jpg);\n}\n#banner-868248968 .bg {\n  background-position: 47% 56%;\n}\n<\/style>\n  <\/div>\n\n\n\n  <div class=\"banner has-hover show-for-medium hide-for-small\" id=\"banner-1238746841\">\n          <div class=\"banner-inner fill\">\n        <div class=\"banner-bg fill\" >\n            <div class=\"bg fill bg-fill \"><\/div>\n                                    \n                    <\/div>\n        <div class=\"banner-layers container\">\n            <div class=\"fill banner-link\"><\/div>            \n        <\/div>\n      <\/div>\n\n            \n<style>\n#banner-1238746841 {\n  padding-top: 299px;\n}\n#banner-1238746841 .bg.bg-loaded {\n  background-image: url(https:\/\/hungduy.vn\/wp-content\/uploads\/2022\/05\/IMG20201117101436-1024x768.jpg);\n}\n<\/style>\n  <\/div>\n\n\n\n  <div class=\"banner has-hover show-for-small\" id=\"banner-1318293055\">\n          <div class=\"banner-inner fill\">\n        <div class=\"banner-bg fill\" >\n            <div class=\"bg fill bg-fill \"><\/div>\n                                    \n                    <\/div>\n        <div class=\"banner-layers container\">\n            <div class=\"fill banner-link\"><\/div>            \n        <\/div>\n      <\/div>\n\n            \n<style>\n#banner-1318293055 {\n  padding-top: 220px;\n}\n#banner-1318293055 .bg.bg-loaded {\n  background-image: url(https:\/\/hungduy.vn\/wp-content\/uploads\/2022\/05\/IMG20201117101436-1024x768.jpg);\n}\n<\/style>\n  <\/div>\n\n\n<div class=\"row\"  id=\"row-574724792\">\n\n\t<div id=\"col-1169971836\" class=\"col small-12 large-12\"  >\n\t\t<div class=\"col-inner\"  >\n\t\t\t\n\t\t\t\n<p style=\"text-align: center;\"><span style=\"font-size: 200%; color: #ed2225;\"><strong>B\u00c1N H\u00c0NG B\u00ccNH \u1ed4N GI\u00c1<\/strong><\/span><\/p>\n<p style=\"text-align: justify;\"><span style=\"font-size: 110%; color: #303030;\">T\u1eadp \u0111o\u00e0n H\u00f9ng Duy \u0111\u00e3 t\u1ed5 ch\u1ee9c c\u00e1c bu\u1ed5i b\u00e1n h\u00e0ng b\u00ecnh \u1ed5n gi\u00e1 cho nh\u1eefng h\u1ed9 gia \u0111\u00ecnh c\u00f3 ho\u00e0n c\u1ea3nh kh\u00f3 kh\u0103n, nh\u1eefng c\u00e1n b\u1ed9, \u0111o\u00e0n vi\u00ean, c\u00f4ng nh\u00e2n tr\u00ean \u0111\u1ecba b\u00e0n th\u1ecb x\u00e3 H\u00f2a Th\u00e0nh, t\u1ec9nh T\u00e2y Ninh. \u0110\u00e2y l\u00e0 chi\u1ebfn d\u1ecbch n\u1eb1m trong chu\u1ed7i ho\u1ea1t \u0111\u1ed9ng th\u01b0\u1eddng ni\u00ean \u201cH\u00f9ng Duy \u2013 Chia s\u1ebb cu\u1ed9c s\u1ed1ng\u201d c\u1ee7a t\u1eadp \u0111o\u00e0n.<\/span><\/p>\n<p style=\"text-align: justify;\"><span style=\"font-size: 110%; color: #303030;\">Th\u00f4ng qua ch\u01b0\u01a1ng tr\u00ecnh \u201cH\u00f9ng Duy \u2013 Chia s\u1ebb cu\u1ed9c s\u1ed1ng\u201d, T\u1eadp \u0111o\u00e0n H\u00f9ng Duy mong mu\u1ed1n g\u00f3p ph\u1ea7n san s\u1ebb nh\u1eefng kh\u00f3 kh\u0103n, gi\u1ea3m b\u1edbt ph\u1ea7n n\u00e0o chi ph\u00ed c\u1ee7a cu\u1ed9c s\u1ed1ng ng\u01b0\u1eddi lao \u0111\u1ed9ng. V\u00ec \u0111\u1ed1i v\u1edbi H\u00f9ng Duy \u2013 H\u1ea1nh ph\u00fac l\u00e0 s\u1ebb chia.<\/span><\/p>\n\t\t<\/div>\n\t\t\n<style>\n#col-1169971836 > .col-inner {\n  margin: 0px 0px -45px 0px;\n}\n<\/style>\n\t<\/div>\n\n\t\n<\/div>\n\t<div id=\"gap-778887141\" class=\"gap-element clearfix\" style=\"display:block; height:auto;\">\n\t\t\n<style>\n#gap-778887141 {\n  padding-top: 20px;\n}\n<\/style>\n\t<\/div>\n\t\n<div class=\"row\"  id=\"row-314334891\">\n\n\t<div id=\"col-1666087547\" class=\"col medium-6 small-12 large-6\"  >\n\t\t<div class=\"col-inner text-center\"  >\n\t\t\t\n\t\t\t\n\n  <div class=\"banner has-hover\" id=\"banner-1443797395\">\n          <div class=\"banner-inner fill\">\n        <div class=\"banner-bg fill\" >\n            <div class=\"bg fill bg-fill \"><\/div>\n                                    \n                    <\/div>\n        <div class=\"banner-layers container\">\n            <div class=\"fill banner-link\"><\/div>            \n        <\/div>\n      <\/div>\n\n            \n<style>\n#banner-1443797395 {\n  padding-top: 500px;\n}\n#banner-1443797395 .bg.bg-loaded {\n  background-image: url(https:\/\/hungduy.vn\/wp-content\/uploads\/2023\/04\/IMG20201118083123-2048x1536-1.jpg);\n}\n<\/style>\n  <\/div>\n\n\n\t\t<\/div>\n\t\t\t<\/div>\n\n\t\n\n\t<div id=\"col-343957832\" class=\"col medium-6 small-12 large-6\"  >\n\t\t<div class=\"col-inner text-center\"  >\n\t\t\t\n\t\t\t\n\n  <div class=\"banner has-hover\" id=\"banner-1381253302\">\n          <div class=\"banner-inner fill\">\n        <div class=\"banner-bg fill\" >\n            <div class=\"bg fill bg-fill \"><\/div>\n                                    \n                    <\/div>\n        <div class=\"banner-layers container\">\n            <div class=\"fill banner-link\"><\/div>            \n        <\/div>\n      <\/div>\n\n            \n<style>\n#banner-1381253302 {\n  padding-top: 500px;\n}\n#banner-1381253302 .bg.bg-loaded {\n  background-image: url(https:\/\/hungduy.vn\/wp-content\/uploads\/2024\/03\/IMG20201117082354-1.jpg);\n}\n<\/style>\n  <\/div>\n\n\n\t\t<\/div>\n\t\t\t<\/div>\n\n\t\n<\/div>\n\t\t<\/div>\n\n\t\t\n<style>\n#section_255134359 {\n  padding-top: 0px;\n  padding-bottom: 0px;\n  background-color: rgb(193, 193, 193);\n}\n#section_255134359 .section-bg-overlay {\n  background-color: rgba(255, 255, 255, 0.85);\n}\n<\/style>\n\t<\/section>\n\t\n<div class=\"row\"  id=\"row-397152602\">\n\n\t<div id=\"col-501844246\" class=\"col medium-6 small-12 large-6\"  >\n\t\t<div class=\"col-inner\"  >\n\t\t\t\n\t\t\t\n\n  <div class=\"banner has-hover\" id=\"banner-556557463\">\n          <div class=\"banner-inner fill\">\n        <div class=\"banner-bg fill\" >\n            <div class=\"bg fill bg-fill \"><\/div>\n                                    \n                    <\/div>\n        <div class=\"banner-layers container\">\n            <div class=\"fill banner-link\"><\/div>            \n        <\/div>\n      <\/div>\n\n            \n<style>\n#banner-556557463 {\n  padding-top: 500px;\n}\n#banner-556557463 .bg.bg-loaded {\n  background-image: url(https:\/\/hungduy.vn\/wp-content\/uploads\/2024\/03\/5.jpg);\n}\n<\/style>\n  <\/div>\n\n\n\t\t<\/div>\n\t\t\t<\/div>\n\n\t\n\n\t<div id=\"col-21678991\" class=\"col medium-6 small-12 large-6\"  >\n\t\t<div class=\"col-inner\"  >\n\t\t\t\n\t\t\t\n\n  <div class=\"banner has-hover\" id=\"banner-887214626\">\n          <div class=\"banner-inner fill\">\n        <div class=\"banner-bg fill\" >\n            <div class=\"bg fill bg-fill \"><\/div>\n                                    \n                    <\/div>\n        <div class=\"banner-layers container\">\n            <div class=\"fill banner-link\"><\/div>            \n        <\/div>\n      <\/div>\n\n            \n<style>\n#banner-887214626 {\n  padding-top: 500px;\n}\n#banner-887214626 .bg.bg-loaded {\n  background-image: url(https:\/\/hungduy.vn\/wp-content\/uploads\/2024\/03\/2-1.jpg);\n}\n<\/style>\n  <\/div>\n\n\n\t\t<\/div>\n\t\t\t<\/div>\n\n\t\n<\/div>\n","protected":false},"excerpt":{"rendered":"","protected":false},"author":1,"featured_media":0,"parent":6087,"menu_order":0,"comment_status":"closed","ping_status":"closed","template":"page-blank.php","meta":{"footnotes":""},"class_list":["post-4599","page","type-page","status-publish","hentry"],"yoast_head":"<!-- This site is optimized with the Yoast SEO plugin v17.1 - https:\/\/yoast.com\/wordpress\/plugins\/seo\/ -->\n<title>B\u00e1n h\u00e0ng b\u00ecnh \u1ed5n gi\u00e1 - C\u00f4ng Ty H\u00f9ng Duy<\/title>\n<meta name=\"robots\" content=\"index, follow, max-snippet:-1, max-image-preview:large, max-video-preview:-1\" \/>\n<link rel=\"canonical\" href=\"https:\/\/hungduy.vn\/sustainable-development\/community-activities\/ban-hang-binh-on-gia\/\" \/>\n<meta property=\"og:locale\" content=\"vi_VN\" \/>\n<meta property=\"og:type\" content=\"article\" \/>\n<meta property=\"og:title\" content=\"B\u00e1n h\u00e0ng b\u00ecnh \u1ed5n gi\u00e1 - C\u00f4ng Ty H\u00f9ng Duy\" \/>\n<meta property=\"og:url\" content=\"https:\/\/hungduy.vn\/en\/sustainable-development\/community-activities\/ban-hang-binh-on-gia\/\" \/>\n<meta property=\"og:site_name\" content=\"C\u00f4ng Ty H\u00f9ng Duy\" \/>\n<meta property=\"article:modified_time\" content=\"2024-03-25T01:54:23+00:00\" \/>\n<meta name=\"twitter:card\" content=\"summary_large_image\" \/>\n<meta name=\"twitter:label1\" content=\"Est. reading time\" \/>\n\t<meta name=\"twitter:data1\" content=\"1 minute\" \/>\n<script type=\"application\/ld+json\" class=\"yoast-schema-graph\">{\"@context\":\"https:\/\/schema.org\",\"@graph\":[{\"@type\":\"WebSite\",\"@id\":\"https:\/\/hungduy.vn\/#website\",\"url\":\"https:\/\/hungduy.vn\/\",\"name\":\"C\\u00f4ng Ty H\\u00f9ng Duy\",\"description\":\"\",\"potentialAction\":[{\"@type\":\"SearchAction\",\"target\":{\"@type\":\"EntryPoint\",\"urlTemplate\":\"https:\/\/hungduy.vn\/?s={search_term_string}\"},\"query-input\":\"required name=search_term_string\"}],\"inLanguage\":\"vi-VN\"},{\"@type\":\"WebPage\",\"@id\":\"https:\/\/hungduy.vn\/en\/sustainable-development\/community-activities\/ban-hang-binh-on-gia\/#webpage\",\"url\":\"https:\/\/hungduy.vn\/en\/sustainable-development\/community-activities\/ban-hang-binh-on-gia\/\",\"name\":\"B\\u00e1n h\\u00e0ng b\\u00ecnh \\u1ed5n gi\\u00e1 - C\\u00f4ng Ty H\\u00f9ng Duy\",\"isPartOf\":{\"@id\":\"https:\/\/hungduy.vn\/#website\"},\"datePublished\":\"2021-12-07T01:29:11+00:00\",\"dateModified\":\"2024-03-25T01:54:23+00:00\",\"breadcrumb\":{\"@id\":\"https:\/\/hungduy.vn\/en\/sustainable-development\/community-activities\/ban-hang-binh-on-gia\/#breadcrumb\"},\"inLanguage\":\"vi-VN\",\"potentialAction\":[{\"@type\":\"ReadAction\",\"target\":[\"https:\/\/hungduy.vn\/en\/sustainable-development\/community-activities\/ban-hang-binh-on-gia\/\"]}]},{\"@type\":\"BreadcrumbList\",\"@id\":\"https:\/\/hungduy.vn\/en\/sustainable-development\/community-activities\/ban-hang-binh-on-gia\/#breadcrumb\",\"itemListElement\":[{\"@type\":\"ListItem\",\"position\":1,\"name\":\"Trang ch\\u1ee7\",\"item\":\"https:\/\/hungduy.vn\/\"},{\"@type\":\"ListItem\",\"position\":2,\"name\":\"SUSTAINABLE DEVELOPMENT\",\"item\":\"https:\/\/hungduy.vn\/en\/sustainable-development\/\"},{\"@type\":\"ListItem\",\"position\":3,\"name\":\"COMMUNITY ACTIVITIES\",\"item\":\"https:\/\/hungduy.vn\/en\/sustainable-development\/community-activities\/\"},{\"@type\":\"ListItem\",\"position\":4,\"name\":\"B\\u00e1n h\\u00e0ng b\\u00ecnh \\u1ed5n gi\\u00e1\"}]}]}<\/script>\n<!-- \/ Yoast SEO plugin. -->","yoast_head_json":{"title":"B\u00e1n h\u00e0ng b\u00ecnh \u1ed5n gi\u00e1 - C\u00f4ng Ty H\u00f9ng Duy","robots":{"index":"index","follow":"follow","max-snippet":"max-snippet:-1","max-image-preview":"max-image-preview:large","max-video-preview":"max-video-preview:-1"},"canonical":"https:\/\/hungduy.vn\/sustainable-development\/community-activities\/ban-hang-binh-on-gia\/","og_locale":"vi_VN","og_type":"article","og_title":"B\u00e1n h\u00e0ng b\u00ecnh \u1ed5n gi\u00e1 - C\u00f4ng Ty H\u00f9ng Duy","og_url":"https:\/\/hungduy.vn\/en\/sustainable-development\/community-activities\/ban-hang-binh-on-gia\/","og_site_name":"C\u00f4ng Ty H\u00f9ng Duy","article_modified_time":"2024-03-25T01:54:23+00:00","twitter_card":"summary_large_image","twitter_misc":{"Est. reading time":"1 minute"},"schema":{"@context":"https:\/\/schema.org","@graph":[{"@type":"WebSite","@id":"https:\/\/hungduy.vn\/#website","url":"https:\/\/hungduy.vn\/","name":"C\u00f4ng Ty H\u00f9ng Duy","description":"","potentialAction":[{"@type":"SearchAction","target":{"@type":"EntryPoint","urlTemplate":"https:\/\/hungduy.vn\/?s={search_term_string}"},"query-input":"required name=search_term_string"}],"inLanguage":"vi-VN"},{"@type":"WebPage","@id":"https:\/\/hungduy.vn\/en\/sustainable-development\/community-activities\/ban-hang-binh-on-gia\/#webpage","url":"https:\/\/hungduy.vn\/en\/sustainable-development\/community-activities\/ban-hang-binh-on-gia\/","name":"B\u00e1n h\u00e0ng b\u00ecnh \u1ed5n gi\u00e1 - C\u00f4ng Ty H\u00f9ng Duy","isPartOf":{"@id":"https:\/\/hungduy.vn\/#website"},"datePublished":"2021-12-07T01:29:11+00:00","dateModified":"2024-03-25T01:54:23+00:00","breadcrumb":{"@id":"https:\/\/hungduy.vn\/en\/sustainable-development\/community-activities\/ban-hang-binh-on-gia\/#breadcrumb"},"inLanguage":"vi-VN","potentialAction":[{"@type":"ReadAction","target":["https:\/\/hungduy.vn\/en\/sustainable-development\/community-activities\/ban-hang-binh-on-gia\/"]}]},{"@type":"BreadcrumbList","@id":"https:\/\/hungduy.vn\/en\/sustainable-development\/community-activities\/ban-hang-binh-on-gia\/#breadcrumb","itemListElement":[{"@type":"ListItem","position":1,"name":"Trang ch\u1ee7","item":"https:\/\/hungduy.vn\/"},{"@type":"ListItem","position":2,"name":"SUSTAINABLE DEVELOPMENT","item":"https:\/\/hungduy.vn\/en\/sustainable-development\/"},{"@type":"ListItem","position":3,"name":"COMMUNITY ACTIVITIES","item":"https:\/\/hungduy.vn\/en\/sustainable-development\/community-activities\/"},{"@type":"ListItem","position":4,"name":"B\u00e1n h\u00e0ng b\u00ecnh \u1ed5n gi\u00e1"}]}]}},"_links":{"self":[{"href":"https:\/\/hungduy.vn\/en\/wp-json\/wp\/v2\/pages\/4599\/"}],"collection":[{"href":"https:\/\/hungduy.vn\/en\/wp-json\/wp\/v2\/pages\/"}],"about":[{"href":"https:\/\/hungduy.vn\/en\/wp-json\/wp\/v2\/types\/page\/"}],"author":[{"embeddable":true,"href":"https:\/\/hungduy.vn\/en\/wp-json\/wp\/v2\/users\/1\/"}],"replies":[{"embeddable":true,"href":"https:\/\/hungduy.vn\/en\/wp-json\/wp\/v2\/comments\/?post=4599"}],"version-history":[{"count":4,"href":"https:\/\/hungduy.vn\/en\/wp-json\/wp\/v2\/pages\/4599\/revisions\/"}],"predecessor-version":[{"id":7914,"href":"https:\/\/hungduy.vn\/en\/wp-json\/wp\/v2\/pages\/4599\/revisions\/7914\/"}],"up":[{"embeddable":true,"href":"https:\/\/hungduy.vn\/en\/wp-json\/wp\/v2\/pages\/6087\/"}],"wp:attachment":[{"href":"https:\/\/hungduy.vn\/en\/wp-json\/wp\/v2\/media\/?parent=4599"}],"curies":[{"name":"wp","href":"https:\/\/api.w.org\/{rel}","templated":true}]}}