{"id":6101,"date":"2023-03-18T14:23:01","date_gmt":"2023-03-18T07:23:01","guid":{"rendered":"https:\/\/hungduy.vn\/?page_id=6101"},"modified":"2025-09-16T16:11:24","modified_gmt":"2025-09-16T09:11:24","slug":"recruitment","status":"publish","type":"page","link":"https:\/\/hungduy.vn\/en\/careers\/recruitment\/","title":{"rendered":"RECRUITMENT"},"content":{"rendered":"\t<section class=\"section\" id=\"section_419774316\">\n\t\t<div class=\"bg section-bg fill bg-fill  bg-loaded\" >\n\n\t\t\t\n\t\t\t\n\t\t\t\n\n\t\t<\/div>\n\n\t\t<div class=\"section-content relative\">\n\t\t\t\n\t<div id=\"gap-1832743695\" class=\"gap-element clearfix\" style=\"display:block; height:auto;\">\n\t\t\n<style>\n#gap-1832743695 {\n  padding-top: 30px;\n}\n<\/style>\n\t<\/div>\n\t\n\t<div id=\"text-3260575462\" class=\"text\">\n\t\t\n<h1 class=\"uppercase\"><span style=\"font-size: 130%;\">RECRUITMENT<\/span><\/h1>\n<div id=\"gtx-trans\" style=\"position: absolute; left: 70px; top: 49.7125px;\">\n<div class=\"gtx-trans-icon\">\u00a0<\/div>\n<\/div>\n\t\t\n<style>\n#text-3260575462 {\n  text-align: center;\n}\n<\/style>\n\t<\/div>\n\t\n<div class=\"row row-full-width\"  id=\"row-2107317005\">\n\n\t<div id=\"col-616342334\" class=\"col medium-3 small-12 large-3\"  >\n\t\t<div class=\"col-inner\"  >\n\t\t\t\n\t\t\t\n\t<div id=\"text-1781771228\" class=\"text\">\n\t\t\n\t<div>\n\t\t\t<style> .vuong_search ul li{list-style: none} <\/style>\n\t\t\t<div class='vuong_search'>\n\t\t\t\t<ul>\n\t\t\t\t\t<li>\n\t\t\t\t\t\t<input type=\"text\" name=\"ofsearch\" id=\"vtxtinputsearch\" placeholder=\"T\u1eeb kh\u00f3a \u2026\" \n\t\t\t\t\t\tvalue=\"\" \/>\n\t\t\t\t\t<\/li>\n\t\t\t\t\t<li style=\"display:none\">\n\t\t\t\t\t\t<select name=\"vuongcategory\" id=\"vuong_category\" class=\"vuong_category\">\n\t\t\t\t\t\t\t<option value=\"0\" selected  >T\u1ea5t c\u1ea3 chuy\u00ean m\u1ee5c<\/option>\n\t\t\t\t\t\t\t\t\t\t\t\t\t<\/select>\n\t\t\t\t\t<\/li>\n\t\t\t\t\t<li>\n\t\t\t\t\t\t<input type=\"submit\" class=\"btnVSearch\" onclick=\"ClickSubmit()\" name=\"findVal\" value=\"T\u00ecm ki\u1ebfm\"\/>\n\t\t\t\t\t<\/li>\n\t\t\t\t<\/ul>\n\t\t\t<\/div>\n\t\t\n\t\t<script>\n\t\t\tfunction ClickSubmit(){\n\t\t\t\tvar urlBase =  \"https:\/\/hungduy.vn\/en\/careers\/recruitment\/\" \n\t\t\t\tvar e = document.getElementById(\"vuong_category\");\n\t\t\t\tvar idCate = e.value;\n\t\t\t\tvar key = document.getElementById(\"vtxtinputsearch\");\n\t\t\t\tvar keyw = key.value;\n\t\t\t\tif(idCate !== 0 || keyw.length > 0){\n\t\t\t\t\turlBase = urlBase +'?keys='+ keyw +'&cateid='+idCate;\n\t\t\t\t\twindow.location = urlBase;\n\t\t\t\t}\n\t\t\t}\n\t\t<\/script>\n\t<\/div>\n\t\n<p><!--\n\n&#091;finder_control cats=\"5|6|7\" &#093;\n\n--><\/p>\n<div id=\"tuungtuyen\" style=\"padding: 10px; background: #ffffff; border: #ed2225 2px solid; color: #fff;\">\n<h4 style=\"color: white;\"><span style=\"color: #ed2225;\">Haven&#8217;t seen the desired location?<\/span><\/h4>\n<p><span style=\"color: #333333;\">Please submit your profile. We will contact you as soon as there is a suitable position.<\/span><a class=\"button\" style=\"margin-top: 10px; width: 100%; border: #dbdbdb 1px solid;\" href=\"https:\/\/ungtuyen.hungduy.vn\/\">Apply yourself<br \/><\/a><\/p>\n<\/div>\n\t\t\n<style>\n#text-1781771228 {\n  line-height: 2;\n  text-align: left;\n}\n<\/style>\n\t<\/div>\n\t\n\t\t<\/div>\n\t\t\t<\/div>\n\n\t\n\n\t<div id=\"col-2108283311\" class=\"col medium-9 small-12 large-9\"  >\n\t\t<div class=\"col-inner\"  >\n\t\t\t\n\t\t\t\n<div class=\"row row-full-width has-shadow row-box-shadow-1\"> \t\t\t\n\t\t\t<div class=\"col medium-6 item-tab-tuyendung small-12 large-6 post-item\">\n\t\t\t<div class=\"col-inner\">\n\t\t\t\t\t\n\t\t\t\t\t<a class=\"plain\" href=\"https:\/\/hungduy.vn\/tap-doan-hung-duy-tuyen-dung-thang-04-2026-dot-2\/\">\n\t\t\t\t\t\t<div class=\"box box-text-bottom box-blog-post has-hover\">\n\t\t\t\t\t\t\t<div class=\"box-image\">\n\t\t\t\t\t\t\t\t<div class=\"image-cover\" style=\"padding-top:56%;\">\n\t\t\t\t\t\t\t\t\t<img loading=\"lazy\" decoding=\"async\" src=\"https:\/\/hungduy.vn\/wp-content\/uploads\/2024\/06\/2-1.png\" class=\"attachment-medium size-medium wp-post-image\" alt=\"\" width=\"762\" height=\"400\">  \n\t\t\t\t\t\t\t\t<\/div>\n\t\t\t\t\t\t\t<\/div>\n\t\t\t\t\t\t\t<div class=\"box-text text-left\">\n\t\t\t\t\t\t\t\t<div class=\"box-text-inner blog-post-inner\">\n\t\t\t\t\t\t\t\t\t<h5>T\u1eacP \u0110O\u00c0N H\u00d9NG DUY TUY\u1ec2N D\u1ee4NG TH\u00c1NG 04\/2026 &#8211; \u0110\u1ee2T 2<\/h5>\n\t\t\t\t\t\t\t\t\t<div class=\"is-divider\"><\/div>\n\t\t\t\t\t\t\t\t\t<p class=\"from_the_blog_excerpt \">\n\t\t\t\t\t\t\t\t\t\t \t\t\t\t\t\t\t\t\t<\/p>\n\t\t\t\t\t\t\t\t<\/div>\n\t\t\t\t\t\t\t<\/div>\n\t\t\t\t\t\t<\/div>\n\t\t\t\t\t<\/a>\n\t\t\t\t<\/div>\n\t\t\t\t<\/div>\t\n\t\t\t\t\t\n\t\t\t<div class=\"col medium-6 item-tab-tuyendung small-12 large-6 post-item\">\n\t\t\t<div class=\"col-inner\">\n\t\t\t\t\t\n\t\t\t\t\t<a class=\"plain\" href=\"https:\/\/hungduy.vn\/tap-doan-hung-duy-tuyen-dung-thang-04-2026-dot-1\/\">\n\t\t\t\t\t\t<div class=\"box box-text-bottom box-blog-post has-hover\">\n\t\t\t\t\t\t\t<div class=\"box-image\">\n\t\t\t\t\t\t\t\t<div class=\"image-cover\" style=\"padding-top:56%;\">\n\t\t\t\t\t\t\t\t\t<img loading=\"lazy\" decoding=\"async\" src=\"https:\/\/hungduy.vn\/wp-content\/uploads\/2024\/06\/2-1.png\" class=\"attachment-medium size-medium wp-post-image\" alt=\"\" width=\"762\" height=\"400\">  \n\t\t\t\t\t\t\t\t<\/div>\n\t\t\t\t\t\t\t<\/div>\n\t\t\t\t\t\t\t<div class=\"box-text text-left\">\n\t\t\t\t\t\t\t\t<div class=\"box-text-inner blog-post-inner\">\n\t\t\t\t\t\t\t\t\t<h5>T\u1eacP \u0110O\u00c0N H\u00d9NG DUY TUY\u1ec2N D\u1ee4NG TH\u00c1NG 04\/2026 &#8211; \u0110\u1ee2T 1<\/h5>\n\t\t\t\t\t\t\t\t\t<div class=\"is-divider\"><\/div>\n\t\t\t\t\t\t\t\t\t<p class=\"from_the_blog_excerpt \">\n\t\t\t\t\t\t\t\t\t\t \t\t\t\t\t\t\t\t\t<\/p>\n\t\t\t\t\t\t\t\t<\/div>\n\t\t\t\t\t\t\t<\/div>\n\t\t\t\t\t\t<\/div>\n\t\t\t\t\t<\/a>\n\t\t\t\t<\/div>\n\t\t\t\t<\/div>\t\n\t\t\t\t\t\n\t\t\t<div class=\"col medium-6 item-tab-tuyendung small-12 large-6 post-item\">\n\t\t\t<div class=\"col-inner\">\n\t\t\t\t\t\n\t\t\t\t\t<a class=\"plain\" href=\"https:\/\/hungduy.vn\/nha-may-tinh-bot-mi-hung-duy-3-tuyen-dung-thang-03-2026\/\">\n\t\t\t\t\t\t<div class=\"box box-text-bottom box-blog-post has-hover\">\n\t\t\t\t\t\t\t<div class=\"box-image\">\n\t\t\t\t\t\t\t\t<div class=\"image-cover\" style=\"padding-top:56%;\">\n\t\t\t\t\t\t\t\t\t<img loading=\"lazy\" decoding=\"async\" src=\"https:\/\/hungduy.vn\/wp-content\/uploads\/2025\/03\/WEB-HUNG-DUY-GROUP.png\" class=\"attachment-medium size-medium wp-post-image\" alt=\"\" width=\"762\" height=\"400\">  \n\t\t\t\t\t\t\t\t<\/div>\n\t\t\t\t\t\t\t<\/div>\n\t\t\t\t\t\t\t<div class=\"box-text text-left\">\n\t\t\t\t\t\t\t\t<div class=\"box-text-inner blog-post-inner\">\n\t\t\t\t\t\t\t\t\t<h5>NH\u00c0 M\u00c1Y TINH B\u1ed8T M\u00cc H\u00d9NG DUY 3 \u2013 TUY\u1ec2N D\u1ee4NG TH\u00c1NG 03\/2026<\/h5>\n\t\t\t\t\t\t\t\t\t<div class=\"is-divider\"><\/div>\n\t\t\t\t\t\t\t\t\t<p class=\"from_the_blog_excerpt \">\n\t\t\t\t\t\t\t\t\t\t \t\t\t\t\t\t\t\t\t<\/p>\n\t\t\t\t\t\t\t\t<\/div>\n\t\t\t\t\t\t\t<\/div>\n\t\t\t\t\t\t<\/div>\n\t\t\t\t\t<\/a>\n\t\t\t\t<\/div>\n\t\t\t\t<\/div>\t\n\t\t\t\t\t\n\t\t\t<div class=\"col medium-6 item-tab-tuyendung small-12 large-6 post-item\">\n\t\t\t<div class=\"col-inner\">\n\t\t\t\t\t\n\t\t\t\t\t<a class=\"plain\" href=\"https:\/\/hungduy.vn\/nha-may-tinh-bot-mi-hung-duy-6-tuyen-dung-thang-03-2026\/\">\n\t\t\t\t\t\t<div class=\"box box-text-bottom box-blog-post has-hover\">\n\t\t\t\t\t\t\t<div class=\"box-image\">\n\t\t\t\t\t\t\t\t<div class=\"image-cover\" style=\"padding-top:56%;\">\n\t\t\t\t\t\t\t\t\t<img loading=\"lazy\" decoding=\"async\" src=\"https:\/\/hungduy.vn\/wp-content\/uploads\/2025\/03\/WEB-HUNG-DUY-GROUP.png\" class=\"attachment-medium size-medium wp-post-image\" alt=\"\" width=\"762\" height=\"400\">  \n\t\t\t\t\t\t\t\t<\/div>\n\t\t\t\t\t\t\t<\/div>\n\t\t\t\t\t\t\t<div class=\"box-text text-left\">\n\t\t\t\t\t\t\t\t<div class=\"box-text-inner blog-post-inner\">\n\t\t\t\t\t\t\t\t\t<h5>NH\u00c0 M\u00c1Y TINH B\u1ed8T M\u00cc H\u00d9NG DUY 6 \u2013 TUY\u1ec2N D\u1ee4NG TH\u00c1NG 03\/2026<\/h5>\n\t\t\t\t\t\t\t\t\t<div class=\"is-divider\"><\/div>\n\t\t\t\t\t\t\t\t\t<p class=\"from_the_blog_excerpt \">\n\t\t\t\t\t\t\t\t\t\t \t\t\t\t\t\t\t\t\t<\/p>\n\t\t\t\t\t\t\t\t<\/div>\n\t\t\t\t\t\t\t<\/div>\n\t\t\t\t\t\t<\/div>\n\t\t\t\t\t<\/a>\n\t\t\t\t<\/div>\n\t\t\t\t<\/div>\t\n\t\t\t\t\t\n\t\t\t<div class=\"col medium-6 item-tab-tuyendung small-12 large-6 post-item\">\n\t\t\t<div class=\"col-inner\">\n\t\t\t\t\t\n\t\t\t\t\t<a class=\"plain\" href=\"https:\/\/hungduy.vn\/nha-may-hung-duy-tuyen-dung-thang-03-2026\/\">\n\t\t\t\t\t\t<div class=\"box box-text-bottom box-blog-post has-hover\">\n\t\t\t\t\t\t\t<div class=\"box-image\">\n\t\t\t\t\t\t\t\t<div class=\"image-cover\" style=\"padding-top:56%;\">\n\t\t\t\t\t\t\t\t\t<img loading=\"lazy\" decoding=\"async\" src=\"https:\/\/hungduy.vn\/wp-content\/uploads\/2025\/03\/WEB-HUNG-DUY-GROUP.png\" class=\"attachment-medium size-medium wp-post-image\" alt=\"\" width=\"762\" height=\"400\">  \n\t\t\t\t\t\t\t\t<\/div>\n\t\t\t\t\t\t\t<\/div>\n\t\t\t\t\t\t\t<div class=\"box-text text-left\">\n\t\t\t\t\t\t\t\t<div class=\"box-text-inner blog-post-inner\">\n\t\t\t\t\t\t\t\t\t<h5>NH\u00c0 M\u00c1Y H\u00d9NG DUY \u2013 TUY\u1ec2N D\u1ee4NG TH\u00c1NG 03\/2026<\/h5>\n\t\t\t\t\t\t\t\t\t<div class=\"is-divider\"><\/div>\n\t\t\t\t\t\t\t\t\t<p class=\"from_the_blog_excerpt \">\n\t\t\t\t\t\t\t\t\t\t \t\t\t\t\t\t\t\t\t<\/p>\n\t\t\t\t\t\t\t\t<\/div>\n\t\t\t\t\t\t\t<\/div>\n\t\t\t\t\t\t<\/div>\n\t\t\t\t\t<\/a>\n\t\t\t\t<\/div>\n\t\t\t\t<\/div>\t\n\t\t\t\t\t\n\t\t\t<div class=\"col medium-6 item-tab-tuyendung small-12 large-6 post-item\">\n\t\t\t<div class=\"col-inner\">\n\t\t\t\t\t\n\t\t\t\t\t<a class=\"plain\" href=\"https:\/\/hungduy.vn\/nha-may-tinh-bot-mi-hung-duy-1-tuyen-dung-thang-02-2026\/\">\n\t\t\t\t\t\t<div class=\"box box-text-bottom box-blog-post has-hover\">\n\t\t\t\t\t\t\t<div class=\"box-image\">\n\t\t\t\t\t\t\t\t<div class=\"image-cover\" style=\"padding-top:56%;\">\n\t\t\t\t\t\t\t\t\t<img loading=\"lazy\" decoding=\"async\" src=\"https:\/\/hungduy.vn\/wp-content\/uploads\/2025\/03\/WEB-HUNG-DUY-GROUP.png\" class=\"attachment-medium size-medium wp-post-image\" alt=\"\" width=\"762\" height=\"400\">  \n\t\t\t\t\t\t\t\t<\/div>\n\t\t\t\t\t\t\t<\/div>\n\t\t\t\t\t\t\t<div class=\"box-text text-left\">\n\t\t\t\t\t\t\t\t<div class=\"box-text-inner blog-post-inner\">\n\t\t\t\t\t\t\t\t\t<h5>NH\u00c0 M\u00c1Y TINH B\u1ed8T M\u00cc H\u00d9NG DUY 1 \u2013 TUY\u1ec2N D\u1ee4NG TH\u00c1NG 02\/2026<\/h5>\n\t\t\t\t\t\t\t\t\t<div class=\"is-divider\"><\/div>\n\t\t\t\t\t\t\t\t\t<p class=\"from_the_blog_excerpt \">\n\t\t\t\t\t\t\t\t\t\t \t\t\t\t\t\t\t\t\t<\/p>\n\t\t\t\t\t\t\t\t<\/div>\n\t\t\t\t\t\t\t<\/div>\n\t\t\t\t\t\t<\/div>\n\t\t\t\t\t<\/a>\n\t\t\t\t<\/div>\n\t\t\t\t<\/div>\t\n\t\t<\/div >\t\n\t\t\t\t<div class=\"col large-12\">\n\t\t\t\t<div class=\"col-inner\" style=\"box-shadow: unset;text-align: center;\">\n\t\t\t\t\t<a rel=\"#\" href=\"#\" id=\"loadMore-tuyendung\" target=\"_self\" class=\"button primary is-outline is-small xemthem\">\n\t\t\t\t\t\t<span>Xem th\u00eam<\/span>\n\t\t\t\t\t<\/a>\n\t\t\t\t<\/div>\n\t\t\t<\/div>\n\t\t\t<script>\n\t\t\t\t\n\t\t\t\tjQuery(document).ready(function(){\n\t\t\t\t  jQuery('.item-tab-tuyendung:hidden').slice(0, 4).show();\n\t\t\t\t  jQuery('#loadMore-tuyendung').on(\"click\", function(e){\n\t\t\t\t\te.preventDefault();\n\t\t\t\t\tjQuery('.item-tab-tuyendung:hidden').slice(0, 4).slideDown();\n\t\t\t\t\tif(jQuery('.item-tab-tuyendung:hidden').length == 0) {\n\t\t\t\t\t  jQuery('#loadMore-tuyendung').addClass(\"hidden\");\n\t\t\t\t\t}\n\t\t\t\t  });\n\t\t\t\t})\n\t\t\t<\/script>\n\t\t<\/div >\n\t\n\t\t<\/div>\n\t\t\t<\/div>\n\n\t\n<\/div>\n\t<div id=\"gap-972382375\" class=\"gap-element clearfix\" style=\"display:block; height:auto;\">\n\t\t\n<style>\n#gap-972382375 {\n  padding-top: 125px;\n}\n<\/style>\n\t<\/div>\n\t\n\t\t<\/div>\n\n\t\t\n<style>\n#section_419774316 {\n  padding-top: 30px;\n  padding-bottom: 30px;\n}\n<\/style>\n\t<\/section>\n\t\n","protected":false},"excerpt":{"rendered":"","protected":false},"author":9,"featured_media":0,"parent":5652,"menu_order":0,"comment_status":"closed","ping_status":"closed","template":"page-blank.php","meta":{"footnotes":""},"class_list":["post-6101","page","type-page","status-publish","hentry"],"yoast_head":"<!-- This site is optimized with the Yoast SEO plugin v17.1 - https:\/\/yoast.com\/wordpress\/plugins\/seo\/ -->\n<title>RECRUITMENT - C\u00f4ng Ty H\u00f9ng Duy<\/title>\n<meta name=\"robots\" content=\"index, follow, max-snippet:-1, max-image-preview:large, max-video-preview:-1\" \/>\n<link rel=\"canonical\" href=\"https:\/\/hungduy.vn\/careers\/recruitment\/\" \/>\n<meta property=\"og:locale\" content=\"vi_VN\" \/>\n<meta property=\"og:type\" content=\"article\" \/>\n<meta property=\"og:title\" content=\"RECRUITMENT - C\u00f4ng Ty H\u00f9ng Duy\" \/>\n<meta property=\"og:url\" content=\"https:\/\/hungduy.vn\/en\/careers\/recruitment\/\" \/>\n<meta property=\"og:site_name\" content=\"C\u00f4ng Ty H\u00f9ng Duy\" \/>\n<meta property=\"article:modified_time\" content=\"2025-09-16T09:11:24+00:00\" \/>\n<meta name=\"twitter:card\" content=\"summary_large_image\" \/>\n<script type=\"application\/ld+json\" class=\"yoast-schema-graph\">{\"@context\":\"https:\/\/schema.org\",\"@graph\":[{\"@type\":\"WebSite\",\"@id\":\"https:\/\/hungduy.vn\/#website\",\"url\":\"https:\/\/hungduy.vn\/\",\"name\":\"C\\u00f4ng Ty H\\u00f9ng Duy\",\"description\":\"\",\"potentialAction\":[{\"@type\":\"SearchAction\",\"target\":{\"@type\":\"EntryPoint\",\"urlTemplate\":\"https:\/\/hungduy.vn\/?s={search_term_string}\"},\"query-input\":\"required name=search_term_string\"}],\"inLanguage\":\"vi-VN\"},{\"@type\":\"WebPage\",\"@id\":\"https:\/\/hungduy.vn\/en\/careers\/recruitment\/#webpage\",\"url\":\"https:\/\/hungduy.vn\/en\/careers\/recruitment\/\",\"name\":\"RECRUITMENT - C\\u00f4ng Ty H\\u00f9ng Duy\",\"isPartOf\":{\"@id\":\"https:\/\/hungduy.vn\/#website\"},\"datePublished\":\"2023-03-18T07:23:01+00:00\",\"dateModified\":\"2025-09-16T09:11:24+00:00\",\"breadcrumb\":{\"@id\":\"https:\/\/hungduy.vn\/en\/careers\/recruitment\/#breadcrumb\"},\"inLanguage\":\"vi-VN\",\"potentialAction\":[{\"@type\":\"ReadAction\",\"target\":[\"https:\/\/hungduy.vn\/en\/careers\/recruitment\/\"]}]},{\"@type\":\"BreadcrumbList\",\"@id\":\"https:\/\/hungduy.vn\/en\/careers\/recruitment\/#breadcrumb\",\"itemListElement\":[{\"@type\":\"ListItem\",\"position\":1,\"name\":\"Trang ch\\u1ee7\",\"item\":\"https:\/\/hungduy.vn\/\"},{\"@type\":\"ListItem\",\"position\":2,\"name\":\"CAREERS\",\"item\":\"https:\/\/hungduy.vn\/en\/careers\/\"},{\"@type\":\"ListItem\",\"position\":3,\"name\":\"RECRUITMENT\"}]}]}<\/script>\n<!-- \/ Yoast SEO plugin. -->","yoast_head_json":{"title":"RECRUITMENT - C\u00f4ng Ty H\u00f9ng Duy","robots":{"index":"index","follow":"follow","max-snippet":"max-snippet:-1","max-image-preview":"max-image-preview:large","max-video-preview":"max-video-preview:-1"},"canonical":"https:\/\/hungduy.vn\/careers\/recruitment\/","og_locale":"vi_VN","og_type":"article","og_title":"RECRUITMENT - C\u00f4ng Ty H\u00f9ng Duy","og_url":"https:\/\/hungduy.vn\/en\/careers\/recruitment\/","og_site_name":"C\u00f4ng Ty H\u00f9ng Duy","article_modified_time":"2025-09-16T09:11:24+00:00","twitter_card":"summary_large_image","schema":{"@context":"https:\/\/schema.org","@graph":[{"@type":"WebSite","@id":"https:\/\/hungduy.vn\/#website","url":"https:\/\/hungduy.vn\/","name":"C\u00f4ng Ty H\u00f9ng Duy","description":"","potentialAction":[{"@type":"SearchAction","target":{"@type":"EntryPoint","urlTemplate":"https:\/\/hungduy.vn\/?s={search_term_string}"},"query-input":"required name=search_term_string"}],"inLanguage":"vi-VN"},{"@type":"WebPage","@id":"https:\/\/hungduy.vn\/en\/careers\/recruitment\/#webpage","url":"https:\/\/hungduy.vn\/en\/careers\/recruitment\/","name":"RECRUITMENT - C\u00f4ng Ty H\u00f9ng Duy","isPartOf":{"@id":"https:\/\/hungduy.vn\/#website"},"datePublished":"2023-03-18T07:23:01+00:00","dateModified":"2025-09-16T09:11:24+00:00","breadcrumb":{"@id":"https:\/\/hungduy.vn\/en\/careers\/recruitment\/#breadcrumb"},"inLanguage":"vi-VN","potentialAction":[{"@type":"ReadAction","target":["https:\/\/hungduy.vn\/en\/careers\/recruitment\/"]}]},{"@type":"BreadcrumbList","@id":"https:\/\/hungduy.vn\/en\/careers\/recruitment\/#breadcrumb","itemListElement":[{"@type":"ListItem","position":1,"name":"Trang ch\u1ee7","item":"https:\/\/hungduy.vn\/"},{"@type":"ListItem","position":2,"name":"CAREERS","item":"https:\/\/hungduy.vn\/en\/careers\/"},{"@type":"ListItem","position":3,"name":"RECRUITMENT"}]}]}},"_links":{"self":[{"href":"https:\/\/hungduy.vn\/en\/wp-json\/wp\/v2\/pages\/6101\/"}],"collection":[{"href":"https:\/\/hungduy.vn\/en\/wp-json\/wp\/v2\/pages\/"}],"about":[{"href":"https:\/\/hungduy.vn\/en\/wp-json\/wp\/v2\/types\/page\/"}],"author":[{"embeddable":true,"href":"https:\/\/hungduy.vn\/en\/wp-json\/wp\/v2\/users\/9\/"}],"replies":[{"embeddable":true,"href":"https:\/\/hungduy.vn\/en\/wp-json\/wp\/v2\/comments\/?post=6101"}],"version-history":[{"count":9,"href":"https:\/\/hungduy.vn\/en\/wp-json\/wp\/v2\/pages\/6101\/revisions\/"}],"predecessor-version":[{"id":12066,"href":"https:\/\/hungduy.vn\/en\/wp-json\/wp\/v2\/pages\/6101\/revisions\/12066\/"}],"up":[{"embeddable":true,"href":"https:\/\/hungduy.vn\/en\/wp-json\/wp\/v2\/pages\/5652\/"}],"wp:attachment":[{"href":"https:\/\/hungduy.vn\/en\/wp-json\/wp\/v2\/media\/?parent=6101"}],"curies":[{"name":"wp","href":"https:\/\/api.w.org\/{rel}","templated":true}]}}