{"id":6474,"date":"2023-04-25T15:12:59","date_gmt":"2023-04-25T08:12:59","guid":{"rendered":"https:\/\/hungduy.vn\/?page_id=6474"},"modified":"2023-04-25T15:12:59","modified_gmt":"2023-04-25T08:12:59","slug":"article-of-press","status":"publish","type":"page","link":"https:\/\/hungduy.vn\/en\/article-of-press\/","title":{"rendered":"Article Of Press"},"content":{"rendered":"\t<section class=\"section\" id=\"section_59290121\">\n\t\t<div class=\"bg section-bg fill bg-fill  bg-loaded\" >\n\n\t\t\t\n\t\t\t\n\t\t\t\n\n\t\t<\/div>\n\n\t\t<div class=\"section-content relative\">\n\t\t\t\n\t<div id=\"gap-1827123041\" class=\"gap-element clearfix\" style=\"display:block; height:auto;\">\n\t\t\n<style>\n#gap-1827123041 {\n  padding-top: 30px;\n}\n<\/style>\n\t<\/div>\n\t\n<div class=\"row\"  id=\"row-125179451\">\n\n\t<div id=\"col-1453931739\" class=\"col small-12 large-12\"  >\n\t\t<div class=\"col-inner\"  >\n\t\t\t\n\t\t\t\n\t<div id=\"text-117403095\" class=\"text\">\n\t\t\n<h2 class=\"uppercase\">\nB\u00e0i Vi\u1ebft B\u00e1o Ch\u00ed<br \/>\n<\/h2>\n\t\t\n<style>\n#text-117403095 {\n  text-align: center;\n}\n<\/style>\n\t<\/div>\n\t\n<div class=\"row\"  id=\"row-1862722242\">\n\n\t<div id=\"col-2074939782\" class=\"col small-12 large-12\"  >\n\t\t<div class=\"col-inner\"  >\n\t\t\t\n\t\t\t\n<p>\n\n<\/p>\n\t\t<div  id=\"tab-baivietbaochi\" class=\"loadmore_post_button_4 row row-full-width has-shadow row-box-shadow-1\"> \n\t\t\n\t\t\t\n\t\t\t<div style=\"\" class=\"col item-col-v item-tab-baivietbaochi  medium-3 small-12 large-3 post-item\">\n\t\t\t<div class=\"col-inner\">\n\t\t\t\t\t\n\t\t\t\t\t<a class=\"plain\" tabname=\"baivietbaochi\" cateid=\"12\" itemid=\"1961\"  href=\" ?tab=baivietbaochi&postid=1961#\">\n\t\t\t\t\t\t<div class=\"box box-text-bottom box-blog-post has-hover\">\n\t\t\t\t\t\t\t<div class=\"box-image\">\n\t\t\t\t\t\t\t\t<div class=\"image-cover\" style=\"padding-top:56%;\">\n\t\t\t\t\t\t\t\t\t<img loading=\"lazy\" decoding=\"async\" src=\"https:\/\/hungduy.vn\/wp-content\/uploads\/2023\/05\/05.jpg\" class=\"attachment-medium size-medium wp-post-image\" alt=\"\" width=\"762\" height=\"400\">  \n\t\t\t\t\t\t\t\t<\/div>\n\t\t\t\t\t\t\t<\/div>\n\t\t\t\t\t\t\t<div class=\"box-text text-left\">\n\t\t\t\t\t\t\t\t<div class=\"box-text-inner blog-post-inner\">\n\t\t\t\t\t\t\t\t\t<h5 class=\"post-title is-large uppercase\">C\u00d4NG TY TNHH XNK TM CN DV H\u00d9NG DUY: TI\u1ebeP S\u1ee8C BI\u00caN C\u01af\u01a0NG<\/h5>\n\t\t\t\t\t\t\t\t\t<div class=\"is-divider\"><\/div>\n\t\t\t\t\t\t\t\t\n\t\t\t\t\t\t\t\t\t<p class=\"from_the_blog_excerpt \">\n\t\t\t\t\t\t\t\t\t\t BTNO - V\u1eeba qua, C\u00f4ng ty TNHH XNK TM CN DV...\t\t\t\t\t\t\t\t\t<\/p>\n\t\t\t\t\t\t\t\t<\/div>\n\t\t\t\t\t\t\t<\/div>\n\t\t\t\t\t\t<\/div>\n\t\t\t\t\t<\/a>\n\t\t\t\t<\/div>\n\t\t\t\t<\/div>\t\n\t\t\t\t\n\t\t\t<div style=\"\" class=\"col item-col-v item-tab-baivietbaochi  medium-3 small-12 large-3 post-item\">\n\t\t\t<div class=\"col-inner\">\n\t\t\t\t\t\n\t\t\t\t\t<a class=\"plain\" tabname=\"baivietbaochi\" cateid=\"12\" itemid=\"2240\"  href=\" ?tab=baivietbaochi&postid=2240#\">\n\t\t\t\t\t\t<div class=\"box box-text-bottom box-blog-post has-hover\">\n\t\t\t\t\t\t\t<div class=\"box-image\">\n\t\t\t\t\t\t\t\t<div class=\"image-cover\" style=\"padding-top:56%;\">\n\t\t\t\t\t\t\t\t\t<img loading=\"lazy\" decoding=\"async\" src=\"https:\/\/hungduy.vn\/wp-content\/uploads\/2021\/12\/nv-5.jpg\" class=\"attachment-medium size-medium wp-post-image\" alt=\"\" width=\"762\" height=\"400\">  \n\t\t\t\t\t\t\t\t<\/div>\n\t\t\t\t\t\t\t<\/div>\n\t\t\t\t\t\t\t<div class=\"box-text text-left\">\n\t\t\t\t\t\t\t\t<div class=\"box-text-inner blog-post-inner\">\n\t\t\t\t\t\t\t\t\t<h5 class=\"post-title is-large uppercase\">KH\u00c1NH TH\u00c0NH B\u1ec6NH VI\u1ec6N \u0110A KHOA H\u1ed2NG H\u01afNG<\/h5>\n\t\t\t\t\t\t\t\t\t<div class=\"is-divider\"><\/div>\n\t\t\t\t\t\t\t\t\n\t\t\t\t\t\t\t\t\t<p class=\"from_the_blog_excerpt \">\n\t\t\t\t\t\t\t\t\t\t BTNO - B\u1ec7nh vi\u1ec7n hi\u1ec7n c\u00f3 16 chuy\u00ean khoa, danh m\u1ee5c \u0111\u01b0\u1ee3c...\t\t\t\t\t\t\t\t\t<\/p>\n\t\t\t\t\t\t\t\t<\/div>\n\t\t\t\t\t\t\t<\/div>\n\t\t\t\t\t\t<\/div>\n\t\t\t\t\t<\/a>\n\t\t\t\t<\/div>\n\t\t\t\t<\/div>\t\n\t\t\t\t\n\t\t\t<div style=\"\" class=\"col item-col-v item-tab-baivietbaochi  medium-3 small-12 large-3 post-item\">\n\t\t\t<div class=\"col-inner\">\n\t\t\t\t\t\n\t\t\t\t\t<a class=\"plain\" tabname=\"baivietbaochi\" cateid=\"12\" itemid=\"2283\"  href=\" ?tab=baivietbaochi&postid=2283#\">\n\t\t\t\t\t\t<div class=\"box box-text-bottom box-blog-post has-hover\">\n\t\t\t\t\t\t\t<div class=\"box-image\">\n\t\t\t\t\t\t\t\t<div class=\"image-cover\" style=\"padding-top:56%;\">\n\t\t\t\t\t\t\t\t\t<img loading=\"lazy\" decoding=\"async\" src=\"https:\/\/hungduy.vn\/wp-content\/uploads\/2017\/11\/Nha-may-Ninh-Dien.jpg\" class=\"attachment-medium size-medium wp-post-image\" alt=\"\" width=\"762\" height=\"400\">  \n\t\t\t\t\t\t\t\t<\/div>\n\t\t\t\t\t\t\t<\/div>\n\t\t\t\t\t\t\t<div class=\"box-text text-left\">\n\t\t\t\t\t\t\t\t<div class=\"box-text-inner blog-post-inner\">\n\t\t\t\t\t\t\t\t\t<h5 class=\"post-title is-large uppercase\">TR\u00ccNH DI\u1ec4N C\u00d4NG NGH\u1ec6 T\u00c1CH M\u1ee6 TINH B\u1ed8T M\u00cc B\u1eb0NG M\u00c1Y S\u00ca-PA<\/h5>\n\t\t\t\t\t\t\t\t\t<div class=\"is-divider\"><\/div>\n\t\t\t\t\t\t\t\t\n\t\t\t\t\t\t\t\t\t<p class=\"from_the_blog_excerpt \">\n\t\t\t\t\t\t\t\t\t\t BTNO - Ng\u00e0y 17.11, Trung t\u00e2m Khuy\u1ebfn c\u00f4ng v\u00e0 t\u01b0 v\u1ea5n...\t\t\t\t\t\t\t\t\t<\/p>\n\t\t\t\t\t\t\t\t<\/div>\n\t\t\t\t\t\t\t<\/div>\n\t\t\t\t\t\t<\/div>\n\t\t\t\t\t<\/a>\n\t\t\t\t<\/div>\n\t\t\t\t<\/div>\t\n\t\t\t\t\n\t\t\t<div style=\"\" class=\"col item-col-v item-tab-baivietbaochi  medium-3 small-12 large-3 post-item\">\n\t\t\t<div class=\"col-inner\">\n\t\t\t\t\t\n\t\t\t\t\t<a class=\"plain\" tabname=\"baivietbaochi\" cateid=\"12\" itemid=\"2147\"  href=\" ?tab=baivietbaochi&postid=2147#\">\n\t\t\t\t\t\t<div class=\"box box-text-bottom box-blog-post has-hover\">\n\t\t\t\t\t\t\t<div class=\"box-image\">\n\t\t\t\t\t\t\t\t<div class=\"image-cover\" style=\"padding-top:56%;\">\n\t\t\t\t\t\t\t\t\t<img loading=\"lazy\" decoding=\"async\" src=\"https:\/\/hungduy.vn\/wp-content\/uploads\/2021\/12\/3.jpg\" class=\"attachment-medium size-medium wp-post-image\" alt=\"\" width=\"762\" height=\"400\">  \n\t\t\t\t\t\t\t\t<\/div>\n\t\t\t\t\t\t\t<\/div>\n\t\t\t\t\t\t\t<div class=\"box-text text-left\">\n\t\t\t\t\t\t\t\t<div class=\"box-text-inner blog-post-inner\">\n\t\t\t\t\t\t\t\t\t<h5 class=\"post-title is-large uppercase\">TRUNG T\u00c2M TH\u01af\u01a0NG M\u1ea0I &#038; GI\u1ea2I TR\u00cd CANA: CHU\u1ea8N B\u1eca RA M\u1eaeT KHU VUI CH\u01a0I HI\u1ec6N \u0110\u1ea0I<\/h5>\n\t\t\t\t\t\t\t\t\t<div class=\"is-divider\"><\/div>\n\t\t\t\t\t\t\t\t\n\t\t\t\t\t\t\t\t\t<p class=\"from_the_blog_excerpt \">\n\t\t\t\t\t\t\t\t\t\t \t\t\t\t\t\t\t\t\t<\/p>\n\t\t\t\t\t\t\t\t<\/div>\n\t\t\t\t\t\t\t<\/div>\n\t\t\t\t\t\t<\/div>\n\t\t\t\t\t<\/a>\n\t\t\t\t<\/div>\n\t\t\t\t<\/div>\t\n\t\t\t\t\n\t\t\t<div style=\"\" class=\"col item-col-v item-tab-baivietbaochi  medium-3 small-12 large-3 post-item\">\n\t\t\t<div class=\"col-inner\">\n\t\t\t\t\t\n\t\t\t\t\t<a class=\"plain\" tabname=\"baivietbaochi\" cateid=\"12\" itemid=\"2323\"  href=\" ?tab=baivietbaochi&postid=2323#\">\n\t\t\t\t\t\t<div class=\"box box-text-bottom box-blog-post has-hover\">\n\t\t\t\t\t\t\t<div class=\"box-image\">\n\t\t\t\t\t\t\t\t<div class=\"image-cover\" style=\"padding-top:56%;\">\n\t\t\t\t\t\t\t\t\t<img loading=\"lazy\" decoding=\"async\" src=\"https:\/\/hungduy.vn\/wp-content\/uploads\/2021\/12\/ct.jpg\" class=\"attachment-medium size-medium wp-post-image\" alt=\"\" width=\"762\" height=\"400\">  \n\t\t\t\t\t\t\t\t<\/div>\n\t\t\t\t\t\t\t<\/div>\n\t\t\t\t\t\t\t<div class=\"box-text text-left\">\n\t\t\t\t\t\t\t\t<div class=\"box-text-inner blog-post-inner\">\n\t\t\t\t\t\t\t\t\t<h5 class=\"post-title is-large uppercase\">NH\u1eacN HU\u00c2N CH\u01af\u01a0NG LAO \u0110\u1ed8NG H\u1ea0NG BA &#038; KH\u00c1NH TH\u00c0NH CANA<\/h5>\n\t\t\t\t\t\t\t\t\t<div class=\"is-divider\"><\/div>\n\t\t\t\t\t\t\t\t\n\t\t\t\t\t\t\t\t\t<p class=\"from_the_blog_excerpt \">\n\t\t\t\t\t\t\t\t\t\t T\u1eeb m\u1ed9t doanh nghi\u1ec7p nh\u1ecf,\t\t\t\t\t\t\t\t\t<\/p>\n\t\t\t\t\t\t\t\t<\/div>\n\t\t\t\t\t\t\t<\/div>\n\t\t\t\t\t\t<\/div>\n\t\t\t\t\t<\/a>\n\t\t\t\t<\/div>\n\t\t\t\t<\/div>\t\n\t\t\t\t\n\t\t\t<div style=\"\" class=\"col item-col-v item-tab-baivietbaochi  medium-3 small-12 large-3 post-item\">\n\t\t\t<div class=\"col-inner\">\n\t\t\t\t\t\n\t\t\t\t\t<a class=\"plain\" tabname=\"baivietbaochi\" cateid=\"12\" itemid=\"3793\"  href=\" ?tab=baivietbaochi&postid=3793#\">\n\t\t\t\t\t\t<div class=\"box box-text-bottom box-blog-post has-hover\">\n\t\t\t\t\t\t\t<div class=\"box-image\">\n\t\t\t\t\t\t\t\t<div class=\"image-cover\" style=\"padding-top:56%;\">\n\t\t\t\t\t\t\t\t\t<img loading=\"lazy\" decoding=\"async\" src=\"https:\/\/hungduy.vn\/wp-content\/uploads\/2015\/04\/reinvestment-risk-definition-1573979022292667427336.jpg\" class=\"attachment-medium size-medium wp-post-image\" alt=\"\" width=\"762\" height=\"400\">  \n\t\t\t\t\t\t\t\t<\/div>\n\t\t\t\t\t\t\t<\/div>\n\t\t\t\t\t\t\t<div class=\"box-text text-left\">\n\t\t\t\t\t\t\t\t<div class=\"box-text-inner blog-post-inner\">\n\t\t\t\t\t\t\t\t\t<h5 class=\"post-title is-large uppercase\">\u0110\u1eeaNG GI\u1eacT M\u00ccNH KHI NHI\u1ec0U DOANH NGHI\u1ec6P PH\u00c1 S\u1ea2N<\/h5>\n\t\t\t\t\t\t\t\t\t<div class=\"is-divider\"><\/div>\n\t\t\t\t\t\t\t\t\n\t\t\t\t\t\t\t\t\t<p class=\"from_the_blog_excerpt \">\n\t\t\t\t\t\t\t\t\t\t Theo \u00f4ng H\u00f9ng, trong giai \u0111o\u1ea1n kh\u1ee7ng ho\u1ea3ng kinh t\u1ebf doanh nghi\u1ec7p...\t\t\t\t\t\t\t\t\t<\/p>\n\t\t\t\t\t\t\t\t<\/div>\n\t\t\t\t\t\t\t<\/div>\n\t\t\t\t\t\t<\/div>\n\t\t\t\t\t<\/a>\n\t\t\t\t<\/div>\n\t\t\t\t<\/div>\t\n\t\t\t\t\n\t\t\t<div style=\"\" class=\"col item-col-v item-tab-baivietbaochi  medium-3 small-12 large-3 post-item\">\n\t\t\t<div class=\"col-inner\">\n\t\t\t\t\t\n\t\t\t\t\t<a class=\"plain\" tabname=\"baivietbaochi\" cateid=\"12\" itemid=\"2775\"  href=\" ?tab=baivietbaochi&postid=2775#\">\n\t\t\t\t\t\t<div class=\"box box-text-bottom box-blog-post has-hover\">\n\t\t\t\t\t\t\t<div class=\"box-image\">\n\t\t\t\t\t\t\t\t<div class=\"image-cover\" style=\"padding-top:56%;\">\n\t\t\t\t\t\t\t\t\t<img loading=\"lazy\" decoding=\"async\" src=\"https:\/\/hungduy.vn\/wp-content\/uploads\/2014\/04\/tonggd.jpg\" class=\"attachment-medium size-medium wp-post-image\" alt=\"\" width=\"762\" height=\"400\">  \n\t\t\t\t\t\t\t\t<\/div>\n\t\t\t\t\t\t\t<\/div>\n\t\t\t\t\t\t\t<div class=\"box-text text-left\">\n\t\t\t\t\t\t\t\t<div class=\"box-text-inner blog-post-inner\">\n\t\t\t\t\t\t\t\t\t<h5 class=\"post-title is-large uppercase\">DOANH NH\u00c2N L\u00ca MINH TR\u00daC \u2013 H\u1ebeT M\u00ccNH V\u00cc C\u1ed8NG \u0110\u1ed2NG<\/h5>\n\t\t\t\t\t\t\t\t\t<div class=\"is-divider\"><\/div>\n\t\t\t\t\t\t\t\t\n\t\t\t\t\t\t\t\t\t<p class=\"from_the_blog_excerpt \">\n\t\t\t\t\t\t\t\t\t\t B\u1eb1ng t\u00e0i n\u0103ng, nhi\u1ec7t huy\u1ebft v\u00e0 b\u1ea3n l\u0129nh kinh doanh...\t\t\t\t\t\t\t\t\t<\/p>\n\t\t\t\t\t\t\t\t<\/div>\n\t\t\t\t\t\t\t<\/div>\n\t\t\t\t\t\t<\/div>\n\t\t\t\t\t<\/a>\n\t\t\t\t<\/div>\n\t\t\t\t<\/div>\t\n\t\t\t\t\n\t\t\t<div style=\"\" class=\"col item-col-v item-tab-baivietbaochi  medium-3 small-12 large-3 post-item\">\n\t\t\t<div class=\"col-inner\">\n\t\t\t\t\t\n\t\t\t\t\t<a class=\"plain\" tabname=\"baivietbaochi\" cateid=\"12\" itemid=\"3769\"  href=\" ?tab=baivietbaochi&postid=3769#\">\n\t\t\t\t\t\t<div class=\"box box-text-bottom box-blog-post has-hover\">\n\t\t\t\t\t\t\t<div class=\"box-image\">\n\t\t\t\t\t\t\t\t<div class=\"image-cover\" style=\"padding-top:56%;\">\n\t\t\t\t\t\t\t\t\t<img loading=\"lazy\" decoding=\"async\" src=\"https:\/\/hungduy.vn\/wp-content\/uploads\/2022\/05\/ban-giao.jpg\" class=\"attachment-medium size-medium wp-post-image\" alt=\"\" width=\"762\" height=\"400\">  \n\t\t\t\t\t\t\t\t<\/div>\n\t\t\t\t\t\t\t<\/div>\n\t\t\t\t\t\t\t<div class=\"box-text text-left\">\n\t\t\t\t\t\t\t\t<div class=\"box-text-inner blog-post-inner\">\n\t\t\t\t\t\t\t\t\t<h5 class=\"post-title is-large uppercase\">CH\u00c2U TH\u00c0NH: B\u00c0N GIAO \u0110\u01af\u1edcNG GIAO TH\u00d4NG N\u00d4NG TH\u00d4N M\u1edaI<\/h5>\n\t\t\t\t\t\t\t\t\t<div class=\"is-divider\"><\/div>\n\t\t\t\t\t\t\t\t\n\t\t\t\t\t\t\t\t\t<p class=\"from_the_blog_excerpt \">\n\t\t\t\t\t\t\t\t\t\t S\u00e1ng 10.3.2014, Ban ch\u1ec9 \u0111\u1ea1o X\u00e2y d\u1ef1ng n\u00f4ng th\u00f4n...\t\t\t\t\t\t\t\t\t<\/p>\n\t\t\t\t\t\t\t\t<\/div>\n\t\t\t\t\t\t\t<\/div>\n\t\t\t\t\t\t<\/div>\n\t\t\t\t\t<\/a>\n\t\t\t\t<\/div>\n\t\t\t\t<\/div>\t\n\t\t\t\t\n\t\t\t<div style=\"\" class=\"col item-col-v item-tab-baivietbaochi  medium-3 small-12 large-3 post-item\">\n\t\t\t<div class=\"col-inner\">\n\t\t\t\t\t\n\t\t\t\t\t<a class=\"plain\" tabname=\"baivietbaochi\" cateid=\"12\" itemid=\"3779\"  href=\" ?tab=baivietbaochi&postid=3779#\">\n\t\t\t\t\t\t<div class=\"box box-text-bottom box-blog-post has-hover\">\n\t\t\t\t\t\t\t<div class=\"box-image\">\n\t\t\t\t\t\t\t\t<div class=\"image-cover\" style=\"padding-top:56%;\">\n\t\t\t\t\t\t\t\t\t<img loading=\"lazy\" decoding=\"async\" src=\"https:\/\/hungduy.vn\/wp-content\/uploads\/2022\/05\/diendandoanhnghiep06082015507pm-3.jpg\" class=\"attachment-medium size-medium wp-post-image\" alt=\"\" width=\"762\" height=\"400\">  \n\t\t\t\t\t\t\t\t<\/div>\n\t\t\t\t\t\t\t<\/div>\n\t\t\t\t\t\t\t<div class=\"box-text text-left\">\n\t\t\t\t\t\t\t\t<div class=\"box-text-inner blog-post-inner\">\n\t\t\t\t\t\t\t\t\t<h5 class=\"post-title is-large uppercase\">H\u00d9NG DUY \u2013 TH\u01af\u01a0NG HI\u1ec6U V\u00cc C\u1ed8NG \u0110\u1ed2NG<\/h5>\n\t\t\t\t\t\t\t\t\t<div class=\"is-divider\"><\/div>\n\t\t\t\t\t\t\t\t\n\t\t\t\t\t\t\t\t\t<p class=\"from_the_blog_excerpt \">\n\t\t\t\t\t\t\t\t\t\t \u0110\u01b0\u1ee3c th\u00e0nh l\u1eadp t\u1eeb n\u0103m 1994, kh\u00f4ng ng\u1eebng kh\u1eb3ng \u0111\u1ecbnh v\u1ecb th\u1ebf...\t\t\t\t\t\t\t\t\t<\/p>\n\t\t\t\t\t\t\t\t<\/div>\n\t\t\t\t\t\t\t<\/div>\n\t\t\t\t\t\t<\/div>\n\t\t\t\t\t<\/a>\n\t\t\t\t<\/div>\n\t\t\t\t<\/div>\t\n\t\t\t\t\n\t\t\t<div style=\"\" class=\"col item-col-v item-tab-baivietbaochi  medium-3 small-12 large-3 post-item\">\n\t\t\t<div class=\"col-inner\">\n\t\t\t\t\t\n\t\t\t\t\t<a class=\"plain\" tabname=\"baivietbaochi\" cateid=\"12\" itemid=\"3762\"  href=\" ?tab=baivietbaochi&postid=3762#\">\n\t\t\t\t\t\t<div class=\"box box-text-bottom box-blog-post has-hover\">\n\t\t\t\t\t\t\t<div class=\"box-image\">\n\t\t\t\t\t\t\t\t<div class=\"image-cover\" style=\"padding-top:56%;\">\n\t\t\t\t\t\t\t\t\t<img loading=\"lazy\" decoding=\"async\" src=\"https:\/\/hungduy.vn\/wp-content\/uploads\/2013\/02\/dam-me_-1-3.jpg\" class=\"attachment-medium size-medium wp-post-image\" alt=\"\" width=\"762\" height=\"400\">  \n\t\t\t\t\t\t\t\t<\/div>\n\t\t\t\t\t\t\t<\/div>\n\t\t\t\t\t\t\t<div class=\"box-text text-left\">\n\t\t\t\t\t\t\t\t<div class=\"box-text-inner blog-post-inner\">\n\t\t\t\t\t\t\t\t\t<h5 class=\"post-title is-large uppercase\">DOANH NH\u00c2N TR\u1eba L\u00ca MINH TR\u00daC: S\u1ef0 \u0110AM M\u00ca C\u1ed0NG HI\u1ebeN<\/h5>\n\t\t\t\t\t\t\t\t\t<div class=\"is-divider\"><\/div>\n\t\t\t\t\t\t\t\t\n\t\t\t\t\t\t\t\t\t<p class=\"from_the_blog_excerpt \">\n\t\t\t\t\t\t\t\t\t\t Khi ng\u01b0\u1eddi ta tr\u1ebb, ng\u01b0\u1eddi ta kh\u00e1c l\u1eafm. Ng\u01b0\u1eddi ta t\u1ef1 tin,...\t\t\t\t\t\t\t\t\t<\/p>\n\t\t\t\t\t\t\t\t<\/div>\n\t\t\t\t\t\t\t<\/div>\n\t\t\t\t\t\t<\/div>\n\t\t\t\t\t<\/a>\n\t\t\t\t<\/div>\n\t\t\t\t<\/div>\t\n\t\t\t\t\n\t\t\t<div style=\"\" class=\"col item-col-v item-tab-baivietbaochi  medium-3 small-12 large-3 post-item\">\n\t\t\t<div class=\"col-inner\">\n\t\t\t\t\t\n\t\t\t\t\t<a class=\"plain\" tabname=\"baivietbaochi\" cateid=\"12\" itemid=\"2802\"  href=\" ?tab=baivietbaochi&postid=2802#\">\n\t\t\t\t\t\t<div class=\"box box-text-bottom box-blog-post has-hover\">\n\t\t\t\t\t\t\t<div class=\"box-image\">\n\t\t\t\t\t\t\t\t<div class=\"image-cover\" style=\"padding-top:56%;\">\n\t\t\t\t\t\t\t\t\t<img loading=\"lazy\" decoding=\"async\" src=\"https:\/\/hungduy.vn\/wp-content\/uploads\/2022\/01\/Phan-phoi-1.jpg\" class=\"attachment-medium size-medium wp-post-image\" alt=\"\" width=\"762\" height=\"400\">  \n\t\t\t\t\t\t\t\t<\/div>\n\t\t\t\t\t\t\t<\/div>\n\t\t\t\t\t\t\t<div class=\"box-text text-left\">\n\t\t\t\t\t\t\t\t<div class=\"box-text-inner blog-post-inner\">\n\t\t\t\t\t\t\t\t\t<h5 class=\"post-title is-large uppercase\">H\u00c3Y G\u1ea6N G\u0168I V\u1edaI DOANH NGHI\u1ec6P H\u01a0N N\u1eeeA<\/h5>\n\t\t\t\t\t\t\t\t\t<div class=\"is-divider\"><\/div>\n\t\t\t\t\t\t\t\t\n\t\t\t\t\t\t\t\t\t<p class=\"from_the_blog_excerpt \">\n\t\t\t\t\t\t\t\t\t\t Bu\u1ed5i ph\u1ecfng v\u1ea5n ch\u1ecb L\u00ca MINH TR\u00daC - Ch\u1ee7 t\u1ecbch H\u1ed9i Doanh nh\u00e2n tr\u1ebb t\u1ec9nh...\t\t\t\t\t\t\t\t\t<\/p>\n\t\t\t\t\t\t\t\t<\/div>\n\t\t\t\t\t\t\t<\/div>\n\t\t\t\t\t\t<\/div>\n\t\t\t\t\t<\/a>\n\t\t\t\t<\/div>\n\t\t\t\t<\/div>\t\n\t\t\t\t\n\t\t\t<div style=\"\" class=\"col item-col-v item-tab-baivietbaochi  medium-3 small-12 large-3 post-item\">\n\t\t\t<div class=\"col-inner\">\n\t\t\t\t\t\n\t\t\t\t\t<a class=\"plain\" tabname=\"baivietbaochi\" cateid=\"12\" itemid=\"2787\"  href=\" ?tab=baivietbaochi&postid=2787#\">\n\t\t\t\t\t\t<div class=\"box box-text-bottom box-blog-post has-hover\">\n\t\t\t\t\t\t\t<div class=\"box-image\">\n\t\t\t\t\t\t\t\t<div class=\"image-cover\" style=\"padding-top:56%;\">\n\t\t\t\t\t\t\t\t\t<img loading=\"lazy\" decoding=\"async\" src=\"https:\/\/hungduy.vn\/wp-content\/uploads\/2023\/06\/starch-bag-2.jpg\" class=\"attachment-medium size-medium wp-post-image\" alt=\"\" width=\"762\" height=\"400\">  \n\t\t\t\t\t\t\t\t<\/div>\n\t\t\t\t\t\t\t<\/div>\n\t\t\t\t\t\t\t<div class=\"box-text text-left\">\n\t\t\t\t\t\t\t\t<div class=\"box-text-inner blog-post-inner\">\n\t\t\t\t\t\t\t\t\t<h5 class=\"post-title is-large uppercase\">\u0110\u1ec2 B\u1ed8T M\u00cc CHINH PH\u1ee4C TH\u1eca TR\u01af\u1edcNG CH\u00c2U \u00c2U<\/h5>\n\t\t\t\t\t\t\t\t\t<div class=\"is-divider\"><\/div>\n\t\t\t\t\t\t\t\t\n\t\t\t\t\t\t\t\t\t<p class=\"from_the_blog_excerpt \">\n\t\t\t\t\t\t\t\t\t\t P\/v \u00d4ng L\u00ea H\u1eefu H\u00f9ng, Ch\u1ee7 t\u1ecbch H\u0110QT C\u00f4ng ty TNHH XNK \u2013 TM...\t\t\t\t\t\t\t\t\t<\/p>\n\t\t\t\t\t\t\t\t<\/div>\n\t\t\t\t\t\t\t<\/div>\n\t\t\t\t\t\t<\/div>\n\t\t\t\t\t<\/a>\n\t\t\t\t<\/div>\n\t\t\t\t<\/div>\t\n\t\t\t\t\n\t\t\t<div style=\"\" class=\"col item-col-v item-tab-baivietbaochi  medium-3 small-12 large-3 post-item\">\n\t\t\t<div class=\"col-inner\">\n\t\t\t\t\t\n\t\t\t\t\t<a class=\"plain\" tabname=\"baivietbaochi\" cateid=\"12\" itemid=\"3790\"  href=\" ?tab=baivietbaochi&postid=3790#\">\n\t\t\t\t\t\t<div class=\"box box-text-bottom box-blog-post has-hover\">\n\t\t\t\t\t\t\t<div class=\"box-image\">\n\t\t\t\t\t\t\t\t<div class=\"image-cover\" style=\"padding-top:56%;\">\n\t\t\t\t\t\t\t\t\t<img loading=\"lazy\" decoding=\"async\" src=\"https:\/\/hungduy.vn\/wp-content\/uploads\/2022\/05\/DSCF0063banhang1.jpg\" class=\"attachment-medium size-medium wp-post-image\" alt=\"\" width=\"762\" height=\"400\">  \n\t\t\t\t\t\t\t\t<\/div>\n\t\t\t\t\t\t\t<\/div>\n\t\t\t\t\t\t\t<div class=\"box-text text-left\">\n\t\t\t\t\t\t\t\t<div class=\"box-text-inner blog-post-inner\">\n\t\t\t\t\t\t\t\t\t<h5 class=\"post-title is-large uppercase\">C\u00d4NG TY H\u00d9NG DUY: H\u1ed6 TR\u1ee2 G\u1ea6N 70 TRI\u1ec6U \u0110\u1ed2NG B\u00c1N H\u00c0NG B\u00ccNH \u1ed4N GI\u00c1<\/h5>\n\t\t\t\t\t\t\t\t\t<div class=\"is-divider\"><\/div>\n\t\t\t\t\t\t\t\t\n\t\t\t\t\t\t\t\t\t<p class=\"from_the_blog_excerpt \">\n\t\t\t\t\t\t\t\t\t\t M\u1eb7t h\u00e0ng nhu y\u1ebfu ph\u1ea9m...\t\t\t\t\t\t\t\t\t<\/p>\n\t\t\t\t\t\t\t\t<\/div>\n\t\t\t\t\t\t\t<\/div>\n\t\t\t\t\t\t<\/div>\n\t\t\t\t\t<\/a>\n\t\t\t\t<\/div>\n\t\t\t\t<\/div>\t\n\t\t\t\t\n\t\t\t<div style=\"\" class=\"col item-col-v item-tab-baivietbaochi  medium-3 small-12 large-3 post-item\">\n\t\t\t<div class=\"col-inner\">\n\t\t\t\t\t\n\t\t\t\t\t<a class=\"plain\" tabname=\"baivietbaochi\" cateid=\"12\" itemid=\"2075\"  href=\" ?tab=baivietbaochi&postid=2075#\">\n\t\t\t\t\t\t<div class=\"box box-text-bottom box-blog-post has-hover\">\n\t\t\t\t\t\t\t<div class=\"box-image\">\n\t\t\t\t\t\t\t\t<div class=\"image-cover\" style=\"padding-top:56%;\">\n\t\t\t\t\t\t\t\t\t<img loading=\"lazy\" decoding=\"async\" src=\"https:\/\/hungduy.vn\/wp-content\/uploads\/2021\/12\/tru-so1.jpg\" class=\"attachment-medium size-medium wp-post-image\" alt=\"\" width=\"762\" height=\"400\">  \n\t\t\t\t\t\t\t\t<\/div>\n\t\t\t\t\t\t\t<\/div>\n\t\t\t\t\t\t\t<div class=\"box-text text-left\">\n\t\t\t\t\t\t\t\t<div class=\"box-text-inner blog-post-inner\">\n\t\t\t\t\t\t\t\t\t<h5 class=\"post-title is-large uppercase\">C\u00d4NG TY TNHH H\u00d9NG DUY: DOANH NH\u00c2N T\u00c2M T\u00c0I, DOANH NGHI\u1ec6P ASEAN TI\u00caU BI\u1ec2U<\/h5>\n\t\t\t\t\t\t\t\t\t<div class=\"is-divider\"><\/div>\n\t\t\t\t\t\t\t\t\n\t\t\t\t\t\t\t\t\t<p class=\"from_the_blog_excerpt \">\n\t\t\t\t\t\t\t\t\t\t Nh\u1eafc \u0111\u1ebfn H\u00f9ng Duy,...\t\t\t\t\t\t\t\t\t<\/p>\n\t\t\t\t\t\t\t\t<\/div>\n\t\t\t\t\t\t\t<\/div>\n\t\t\t\t\t\t<\/div>\n\t\t\t\t\t<\/a>\n\t\t\t\t<\/div>\n\t\t\t\t<\/div>\t\n\t\t\t\t\n\t\t\n\t\t<\/div>\n\t\t\t<\/div>\n\n\t\n<\/div>\n\t\t<\/div>\n\t\t\t<\/div>\n\n\t\n<\/div>\n\t\t<\/div>\n\n\t\t\n<style>\n#section_59290121 {\n  padding-top: 10px;\n  padding-bottom: 10px;\n}\n<\/style>\n\t<\/section>\n\t\n","protected":false},"excerpt":{"rendered":"","protected":false},"author":1,"featured_media":0,"parent":0,"menu_order":0,"comment_status":"closed","ping_status":"closed","template":"","meta":{"footnotes":""},"class_list":["post-6474","page","type-page","status-publish","hentry"],"yoast_head":"<!-- This site is optimized with the Yoast SEO plugin v17.1 - https:\/\/yoast.com\/wordpress\/plugins\/seo\/ -->\n<title>Article Of Press - C\u00f4ng Ty H\u00f9ng Duy<\/title>\n<meta name=\"robots\" content=\"index, follow, max-snippet:-1, max-image-preview:large, max-video-preview:-1\" \/>\n<link rel=\"canonical\" href=\"https:\/\/hungduy.vn\/article-of-press\/\" \/>\n<meta property=\"og:locale\" content=\"vi_VN\" \/>\n<meta property=\"og:type\" content=\"article\" \/>\n<meta property=\"og:title\" content=\"Article Of Press - C\u00f4ng Ty H\u00f9ng Duy\" \/>\n<meta property=\"og:url\" content=\"https:\/\/hungduy.vn\/en\/article-of-press\/\" \/>\n<meta property=\"og:site_name\" content=\"C\u00f4ng Ty H\u00f9ng Duy\" \/>\n<meta name=\"twitter:card\" content=\"summary_large_image\" \/>\n<script type=\"application\/ld+json\" class=\"yoast-schema-graph\">{\"@context\":\"https:\/\/schema.org\",\"@graph\":[{\"@type\":\"WebSite\",\"@id\":\"https:\/\/hungduy.vn\/#website\",\"url\":\"https:\/\/hungduy.vn\/\",\"name\":\"C\\u00f4ng Ty H\\u00f9ng Duy\",\"description\":\"\",\"potentialAction\":[{\"@type\":\"SearchAction\",\"target\":{\"@type\":\"EntryPoint\",\"urlTemplate\":\"https:\/\/hungduy.vn\/?s={search_term_string}\"},\"query-input\":\"required name=search_term_string\"}],\"inLanguage\":\"vi-VN\"},{\"@type\":\"WebPage\",\"@id\":\"https:\/\/hungduy.vn\/en\/article-of-press\/#webpage\",\"url\":\"https:\/\/hungduy.vn\/en\/article-of-press\/\",\"name\":\"Article Of Press - C\\u00f4ng Ty H\\u00f9ng Duy\",\"isPartOf\":{\"@id\":\"https:\/\/hungduy.vn\/#website\"},\"datePublished\":\"2023-04-25T08:12:59+00:00\",\"dateModified\":\"2023-04-25T08:12:59+00:00\",\"breadcrumb\":{\"@id\":\"https:\/\/hungduy.vn\/en\/article-of-press\/#breadcrumb\"},\"inLanguage\":\"vi-VN\",\"potentialAction\":[{\"@type\":\"ReadAction\",\"target\":[\"https:\/\/hungduy.vn\/en\/article-of-press\/\"]}]},{\"@type\":\"BreadcrumbList\",\"@id\":\"https:\/\/hungduy.vn\/en\/article-of-press\/#breadcrumb\",\"itemListElement\":[{\"@type\":\"ListItem\",\"position\":1,\"name\":\"Trang ch\\u1ee7\",\"item\":\"https:\/\/hungduy.vn\/\"},{\"@type\":\"ListItem\",\"position\":2,\"name\":\"Article Of Press\"}]}]}<\/script>\n<!-- \/ Yoast SEO plugin. -->","yoast_head_json":{"title":"Article Of Press - C\u00f4ng Ty H\u00f9ng Duy","robots":{"index":"index","follow":"follow","max-snippet":"max-snippet:-1","max-image-preview":"max-image-preview:large","max-video-preview":"max-video-preview:-1"},"canonical":"https:\/\/hungduy.vn\/article-of-press\/","og_locale":"vi_VN","og_type":"article","og_title":"Article Of Press - C\u00f4ng Ty H\u00f9ng Duy","og_url":"https:\/\/hungduy.vn\/en\/article-of-press\/","og_site_name":"C\u00f4ng Ty H\u00f9ng Duy","twitter_card":"summary_large_image","schema":{"@context":"https:\/\/schema.org","@graph":[{"@type":"WebSite","@id":"https:\/\/hungduy.vn\/#website","url":"https:\/\/hungduy.vn\/","name":"C\u00f4ng Ty H\u00f9ng Duy","description":"","potentialAction":[{"@type":"SearchAction","target":{"@type":"EntryPoint","urlTemplate":"https:\/\/hungduy.vn\/?s={search_term_string}"},"query-input":"required name=search_term_string"}],"inLanguage":"vi-VN"},{"@type":"WebPage","@id":"https:\/\/hungduy.vn\/en\/article-of-press\/#webpage","url":"https:\/\/hungduy.vn\/en\/article-of-press\/","name":"Article Of Press - C\u00f4ng Ty H\u00f9ng Duy","isPartOf":{"@id":"https:\/\/hungduy.vn\/#website"},"datePublished":"2023-04-25T08:12:59+00:00","dateModified":"2023-04-25T08:12:59+00:00","breadcrumb":{"@id":"https:\/\/hungduy.vn\/en\/article-of-press\/#breadcrumb"},"inLanguage":"vi-VN","potentialAction":[{"@type":"ReadAction","target":["https:\/\/hungduy.vn\/en\/article-of-press\/"]}]},{"@type":"BreadcrumbList","@id":"https:\/\/hungduy.vn\/en\/article-of-press\/#breadcrumb","itemListElement":[{"@type":"ListItem","position":1,"name":"Trang ch\u1ee7","item":"https:\/\/hungduy.vn\/"},{"@type":"ListItem","position":2,"name":"Article Of Press"}]}]}},"_links":{"self":[{"href":"https:\/\/hungduy.vn\/en\/wp-json\/wp\/v2\/pages\/6474\/"}],"collection":[{"href":"https:\/\/hungduy.vn\/en\/wp-json\/wp\/v2\/pages\/"}],"about":[{"href":"https:\/\/hungduy.vn\/en\/wp-json\/wp\/v2\/types\/page\/"}],"author":[{"embeddable":true,"href":"https:\/\/hungduy.vn\/en\/wp-json\/wp\/v2\/users\/1\/"}],"replies":[{"embeddable":true,"href":"https:\/\/hungduy.vn\/en\/wp-json\/wp\/v2\/comments\/?post=6474"}],"version-history":[{"count":1,"href":"https:\/\/hungduy.vn\/en\/wp-json\/wp\/v2\/pages\/6474\/revisions\/"}],"predecessor-version":[{"id":6475,"href":"https:\/\/hungduy.vn\/en\/wp-json\/wp\/v2\/pages\/6474\/revisions\/6475\/"}],"wp:attachment":[{"href":"https:\/\/hungduy.vn\/en\/wp-json\/wp\/v2\/media\/?parent=6474"}],"curies":[{"name":"wp","href":"https:\/\/api.w.org\/{rel}","templated":true}]}}