{"id":6478,"date":"2023-04-25T15:13:59","date_gmt":"2023-04-25T08:13:59","guid":{"rendered":"https:\/\/hungduy.vn\/?page_id=6478"},"modified":"2023-04-25T15:13:59","modified_gmt":"2023-04-25T08:13:59","slug":"life-share","status":"publish","type":"page","link":"https:\/\/hungduy.vn\/en\/life-share\/","title":{"rendered":"Life share"},"content":{"rendered":"\t<section class=\"section\" id=\"section_2126754826\">\n\t\t<div class=\"bg section-bg fill bg-fill  bg-loaded\" >\n\n\t\t\t\n\t\t\t\n\t\t\t\n\n\t\t<\/div>\n\n\t\t<div class=\"section-content relative\">\n\t\t\t\n\t<div id=\"gap-284202817\" class=\"gap-element clearfix\" style=\"display:block; height:auto;\">\n\t\t\n<style>\n#gap-284202817 {\n  padding-top: 60px;\n}\n<\/style>\n\t<\/div>\n\t\n<div class=\"row\"  id=\"row-278379329\">\n\n\t<div id=\"col-160175852\" class=\"col small-12 large-12\"  >\n\t\t<div class=\"col-inner\"  >\n\t\t\t\n\t\t\t\n\t<div id=\"text-3800655525\" class=\"text\">\n\t\t\n<h2 class=\"uppercase\">S\u1ebb chia cu\u1ed9c s\u1ed1ng<\/h2>\n\t\t\n<style>\n#text-3800655525 {\n  text-align: center;\n}\n<\/style>\n\t<\/div>\n\t\n\t<div id=\"gap-1273008253\" class=\"gap-element clearfix\" style=\"display:block; height:auto;\">\n\t\t\n<style>\n#gap-1273008253 {\n  padding-top: 20px;\n}\n<\/style>\n\t<\/div>\n\t\n<div class=\"row\"  id=\"row-1585002472\">\n\n\t<div id=\"col-307039931\" class=\"col small-12 large-12\"  >\n\t\t<div class=\"col-inner\"  >\n\t\t\t\n\t\t\t\n\n\t\t<div  id=\"tab-sechiacuocsong\" class=\"loadmore_post_button_4 row row-full-width has-shadow row-box-shadow-1\"> \n\t\t\n\t\t\t\n\t\t\t<div style=\"\" class=\"col item-col-v item-tab-sechiacuocsong  medium-3 small-12 large-3 post-item\">\n\t\t\t<div class=\"col-inner\">\n\t\t\t\t\t\n\t\t\t\t\t<a class=\"plain\" tabname=\"sechiacuocsong\" cateid=\"16\" itemid=\"1858\"  href=\" ?tab=sechiacuocsong&postid=1858#\">\n\t\t\t\t\t\t<div class=\"box box-text-bottom box-blog-post has-hover\">\n\t\t\t\t\t\t\t<div class=\"box-image\">\n\t\t\t\t\t\t\t\t<div class=\"image-cover\" style=\"padding-top:56%;\">\n\t\t\t\t\t\t\t\t\t<img loading=\"lazy\" decoding=\"async\" src=\"https:\/\/hungduy.vn\/wp-content\/uploads\/2021\/12\/HINH8.png\" class=\"attachment-medium size-medium wp-post-image\" alt=\"\" width=\"762\" height=\"400\">  \n\t\t\t\t\t\t\t\t<\/div>\n\t\t\t\t\t\t\t<\/div>\n\t\t\t\t\t\t\t<div class=\"box-text text-left\">\n\t\t\t\t\t\t\t\t<div class=\"box-text-inner blog-post-inner\">\n\t\t\t\t\t\t\t\t\t<h5 class=\"post-title is-large uppercase\">G\u00d3P S\u1ee8C S\u1eba CHIA C\u00d9NG NH\u1eeeNG HO\u00c0N C\u1ea2NH KH\u00d3 KH\u0102N GI\u1eeeA M\u00d9A \u0110\u1ea0I D\u1ecaCH<\/h5>\n\t\t\t\t\t\t\t\t\t<div class=\"is-divider\"><\/div>\n\t\t\t\t\t\t\t\t\n\t\t\t\t\t\t\t\t\t<p class=\"from_the_blog_excerpt \">\n\t\t\t\t\t\t\t\t\t\t \t\t\t\t\t\t\t\t\t<\/p>\n\t\t\t\t\t\t\t\t<\/div>\n\t\t\t\t\t\t\t<\/div>\n\t\t\t\t\t\t<\/div>\n\t\t\t\t\t<\/a>\n\t\t\t\t<\/div>\n\t\t\t\t<\/div>\t\n\t\t\t\t\n\t\t\t<div style=\"\" class=\"col item-col-v item-tab-sechiacuocsong  medium-3 small-12 large-3 post-item\">\n\t\t\t<div class=\"col-inner\">\n\t\t\t\t\t\n\t\t\t\t\t<a class=\"plain\" tabname=\"sechiacuocsong\" cateid=\"16\" itemid=\"1854\"  href=\" ?tab=sechiacuocsong&postid=1854#\">\n\t\t\t\t\t\t<div class=\"box box-text-bottom box-blog-post has-hover\">\n\t\t\t\t\t\t\t<div class=\"box-image\">\n\t\t\t\t\t\t\t\t<div class=\"image-cover\" style=\"padding-top:56%;\">\n\t\t\t\t\t\t\t\t\t<img loading=\"lazy\" decoding=\"async\" src=\"https:\/\/hungduy.vn\/wp-content\/uploads\/2021\/12\/HINH6.jpg\" class=\"attachment-medium size-medium wp-post-image\" alt=\"\" width=\"762\" height=\"400\">  \n\t\t\t\t\t\t\t\t<\/div>\n\t\t\t\t\t\t\t<\/div>\n\t\t\t\t\t\t\t<div class=\"box-text text-left\">\n\t\t\t\t\t\t\t\t<div class=\"box-text-inner blog-post-inner\">\n\t\t\t\t\t\t\t\t\t<h5 class=\"post-title is-large uppercase\">CBNV BV\u0110K H\u1ed2NG H\u01afNG CHUNG TAY H\u1ed6 TR\u1ee2 TI\u00caU TH\u1ee4 1.000KG V\u1ea2I<\/h5>\n\t\t\t\t\t\t\t\t\t<div class=\"is-divider\"><\/div>\n\t\t\t\t\t\t\t\t\n\t\t\t\t\t\t\t\t\t<p class=\"from_the_blog_excerpt \">\n\t\t\t\t\t\t\t\t\t\t \t\t\t\t\t\t\t\t\t<\/p>\n\t\t\t\t\t\t\t\t<\/div>\n\t\t\t\t\t\t\t<\/div>\n\t\t\t\t\t\t<\/div>\n\t\t\t\t\t<\/a>\n\t\t\t\t<\/div>\n\t\t\t\t<\/div>\t\n\t\t\t\t\n\t\t\t<div style=\"\" class=\"col item-col-v item-tab-sechiacuocsong  medium-3 small-12 large-3 post-item\">\n\t\t\t<div class=\"col-inner\">\n\t\t\t\t\t\n\t\t\t\t\t<a class=\"plain\" tabname=\"sechiacuocsong\" cateid=\"16\" itemid=\"1851\"  href=\" ?tab=sechiacuocsong&postid=1851#\">\n\t\t\t\t\t\t<div class=\"box box-text-bottom box-blog-post has-hover\">\n\t\t\t\t\t\t\t<div class=\"box-image\">\n\t\t\t\t\t\t\t\t<div class=\"image-cover\" style=\"padding-top:56%;\">\n\t\t\t\t\t\t\t\t\t<img loading=\"lazy\" decoding=\"async\" src=\"https:\/\/hungduy.vn\/wp-content\/uploads\/2021\/12\/HINH5.jpg\" class=\"attachment-medium size-medium wp-post-image\" alt=\"\" width=\"762\" height=\"400\">  \n\t\t\t\t\t\t\t\t<\/div>\n\t\t\t\t\t\t\t<\/div>\n\t\t\t\t\t\t\t<div class=\"box-text text-left\">\n\t\t\t\t\t\t\t\t<div class=\"box-text-inner blog-post-inner\">\n\t\t\t\t\t\t\t\t\t<h5 class=\"post-title is-large uppercase\">H\u1ed6 TR\u1ee2 100% PH\u00cd PH\u1eaaU THU\u1eacT THO\u00c1T V\u1eca R\u1ed0N NGH\u1eb8T BN TH\u1eacN<\/h5>\n\t\t\t\t\t\t\t\t\t<div class=\"is-divider\"><\/div>\n\t\t\t\t\t\t\t\t\n\t\t\t\t\t\t\t\t\t<p class=\"from_the_blog_excerpt \">\n\t\t\t\t\t\t\t\t\t\t \t\t\t\t\t\t\t\t\t<\/p>\n\t\t\t\t\t\t\t\t<\/div>\n\t\t\t\t\t\t\t<\/div>\n\t\t\t\t\t\t<\/div>\n\t\t\t\t\t<\/a>\n\t\t\t\t<\/div>\n\t\t\t\t<\/div>\t\n\t\t\t\t\n\t\t\t<div style=\"\" class=\"col item-col-v item-tab-sechiacuocsong  medium-3 small-12 large-3 post-item\">\n\t\t\t<div class=\"col-inner\">\n\t\t\t\t\t\n\t\t\t\t\t<a class=\"plain\" tabname=\"sechiacuocsong\" cateid=\"16\" itemid=\"1848\"  href=\" ?tab=sechiacuocsong&postid=1848#\">\n\t\t\t\t\t\t<div class=\"box box-text-bottom box-blog-post has-hover\">\n\t\t\t\t\t\t\t<div class=\"box-image\">\n\t\t\t\t\t\t\t\t<div class=\"image-cover\" style=\"padding-top:56%;\">\n\t\t\t\t\t\t\t\t\t<img loading=\"lazy\" decoding=\"async\" src=\"https:\/\/hungduy.vn\/wp-content\/uploads\/2021\/12\/hinh4.jpg\" class=\"attachment-medium size-medium wp-post-image\" alt=\"\" width=\"762\" height=\"400\">  \n\t\t\t\t\t\t\t\t<\/div>\n\t\t\t\t\t\t\t<\/div>\n\t\t\t\t\t\t\t<div class=\"box-text text-left\">\n\t\t\t\t\t\t\t\t<div class=\"box-text-inner blog-post-inner\">\n\t\t\t\t\t\t\t\t\t<h5 class=\"post-title is-large uppercase\">PH\u1eaaU THU\u1eacT MI\u1ec4N PH\u00cd \u2013 \u0110EM L\u1ea0I \u00c1NH S\u00c1NG CHO B\u00c0 C\u1ee4 NEO \u0110\u01a0N 80 TU\u1ed4I<\/h5>\n\t\t\t\t\t\t\t\t\t<div class=\"is-divider\"><\/div>\n\t\t\t\t\t\t\t\t\n\t\t\t\t\t\t\t\t\t<p class=\"from_the_blog_excerpt \">\n\t\t\t\t\t\t\t\t\t\t \t\t\t\t\t\t\t\t\t<\/p>\n\t\t\t\t\t\t\t\t<\/div>\n\t\t\t\t\t\t\t<\/div>\n\t\t\t\t\t\t<\/div>\n\t\t\t\t\t<\/a>\n\t\t\t\t<\/div>\n\t\t\t\t<\/div>\t\n\t\t\t\t\n\t\t\t<div style=\"\" class=\"col item-col-v item-tab-sechiacuocsong  medium-3 small-12 large-3 post-item\">\n\t\t\t<div class=\"col-inner\">\n\t\t\t\t\t\n\t\t\t\t\t<a class=\"plain\" tabname=\"sechiacuocsong\" cateid=\"16\" itemid=\"1845\"  href=\" ?tab=sechiacuocsong&postid=1845#\">\n\t\t\t\t\t\t<div class=\"box box-text-bottom box-blog-post has-hover\">\n\t\t\t\t\t\t\t<div class=\"box-image\">\n\t\t\t\t\t\t\t\t<div class=\"image-cover\" style=\"padding-top:56%;\">\n\t\t\t\t\t\t\t\t\t<img loading=\"lazy\" decoding=\"async\" src=\"https:\/\/hungduy.vn\/wp-content\/uploads\/2021\/12\/hinh3.jpg\" class=\"attachment-medium size-medium wp-post-image\" alt=\"\" width=\"762\" height=\"400\">  \n\t\t\t\t\t\t\t\t<\/div>\n\t\t\t\t\t\t\t<\/div>\n\t\t\t\t\t\t\t<div class=\"box-text text-left\">\n\t\t\t\t\t\t\t\t<div class=\"box-text-inner blog-post-inner\">\n\t\t\t\t\t\t\t\t\t<h5 class=\"post-title is-large uppercase\">H\u1ed6 TR\u1ee2 100% PH\u00cd L\u01afU VI\u1ec6N &#038; \u0110I\u1ec0U TR\u1eca PH\u1ee4C H\u1ed2I CH\u1ee8C N\u0102NG CHO M\u1ed8T B\u1ec6NH NH\u00c2N<\/h5>\n\t\t\t\t\t\t\t\t\t<div class=\"is-divider\"><\/div>\n\t\t\t\t\t\t\t\t\n\t\t\t\t\t\t\t\t\t<p class=\"from_the_blog_excerpt \">\n\t\t\t\t\t\t\t\t\t\t \t\t\t\t\t\t\t\t\t<\/p>\n\t\t\t\t\t\t\t\t<\/div>\n\t\t\t\t\t\t\t<\/div>\n\t\t\t\t\t\t<\/div>\n\t\t\t\t\t<\/a>\n\t\t\t\t<\/div>\n\t\t\t\t<\/div>\t\n\t\t\t\t\n\t\t\t<div style=\"\" class=\"col item-col-v item-tab-sechiacuocsong  medium-3 small-12 large-3 post-item\">\n\t\t\t<div class=\"col-inner\">\n\t\t\t\t\t\n\t\t\t\t\t<a class=\"plain\" tabname=\"sechiacuocsong\" cateid=\"16\" itemid=\"1840\"  href=\" ?tab=sechiacuocsong&postid=1840#\">\n\t\t\t\t\t\t<div class=\"box box-text-bottom box-blog-post has-hover\">\n\t\t\t\t\t\t\t<div class=\"box-image\">\n\t\t\t\t\t\t\t\t<div class=\"image-cover\" style=\"padding-top:56%;\">\n\t\t\t\t\t\t\t\t\t<img loading=\"lazy\" decoding=\"async\" src=\"https:\/\/hungduy.vn\/wp-content\/uploads\/2021\/12\/HINH2.jpg\" class=\"attachment-medium size-medium wp-post-image\" alt=\"\" width=\"762\" height=\"400\">  \n\t\t\t\t\t\t\t\t<\/div>\n\t\t\t\t\t\t\t<\/div>\n\t\t\t\t\t\t\t<div class=\"box-text text-left\">\n\t\t\t\t\t\t\t\t<div class=\"box-text-inner blog-post-inner\">\n\t\t\t\t\t\t\t\t\t<h5 class=\"post-title is-large uppercase\">H\u1ed6 TR\u1ee2 100% PH\u00cd \u0110I\u1ec0U TR\u1eca CHO M\u1ed8T B\u1ec6NH NH\u00c2N N\u1eee B\u1eca T\u1eacT NG\u1eaeN CHI, XU\u1ea4T HUY\u1ebeT<\/h5>\n\t\t\t\t\t\t\t\t\t<div class=\"is-divider\"><\/div>\n\t\t\t\t\t\t\t\t\n\t\t\t\t\t\t\t\t\t<p class=\"from_the_blog_excerpt \">\n\t\t\t\t\t\t\t\t\t\t \t\t\t\t\t\t\t\t\t<\/p>\n\t\t\t\t\t\t\t\t<\/div>\n\t\t\t\t\t\t\t<\/div>\n\t\t\t\t\t\t<\/div>\n\t\t\t\t\t<\/a>\n\t\t\t\t<\/div>\n\t\t\t\t<\/div>\t\n\t\t\t\t\n\t\t\t<div style=\"\" class=\"col item-col-v item-tab-sechiacuocsong  medium-3 small-12 large-3 post-item\">\n\t\t\t<div class=\"col-inner\">\n\t\t\t\t\t\n\t\t\t\t\t<a class=\"plain\" tabname=\"sechiacuocsong\" cateid=\"16\" itemid=\"1776\"  href=\" ?tab=sechiacuocsong&postid=1776#\">\n\t\t\t\t\t\t<div class=\"box box-text-bottom box-blog-post has-hover\">\n\t\t\t\t\t\t\t<div class=\"box-image\">\n\t\t\t\t\t\t\t\t<div class=\"image-cover\" style=\"padding-top:56%;\">\n\t\t\t\t\t\t\t\t\t<img loading=\"lazy\" decoding=\"async\" src=\"https:\/\/hungduy.vn\/wp-content\/uploads\/2021\/12\/z2267136477465_28269f43a6947528158f049a17a1fc48.jpg\" class=\"attachment-medium size-medium wp-post-image\" alt=\"\" width=\"762\" height=\"400\">  \n\t\t\t\t\t\t\t\t<\/div>\n\t\t\t\t\t\t\t<\/div>\n\t\t\t\t\t\t\t<div class=\"box-text text-left\">\n\t\t\t\t\t\t\t\t<div class=\"box-text-inner blog-post-inner\">\n\t\t\t\t\t\t\t\t\t<h5 class=\"post-title is-large uppercase\">TRAO T\u1eb6NG 400 TH\u1eba B\u1ea2O HI\u1ec2M Y T\u1ebe CHO NG\u01af\u1edcI NGH\u00c8O TH\u1eca X\u00c3 HO\u00c0 TH\u00c0NH<\/h5>\n\t\t\t\t\t\t\t\t\t<div class=\"is-divider\"><\/div>\n\t\t\t\t\t\t\t\t\n\t\t\t\t\t\t\t\t\t<p class=\"from_the_blog_excerpt \">\n\t\t\t\t\t\t\t\t\t\t V\u1edbi m\u1ee5c ti\u00eau chia s\u1ebb...\t\t\t\t\t\t\t\t\t<\/p>\n\t\t\t\t\t\t\t\t<\/div>\n\t\t\t\t\t\t\t<\/div>\n\t\t\t\t\t\t<\/div>\n\t\t\t\t\t<\/a>\n\t\t\t\t<\/div>\n\t\t\t\t<\/div>\t\n\t\t\t\t\n\t\t\t<div style=\"\" class=\"col item-col-v item-tab-sechiacuocsong  medium-3 small-12 large-3 post-item\">\n\t\t\t<div class=\"col-inner\">\n\t\t\t\t\t\n\t\t\t\t\t<a class=\"plain\" tabname=\"sechiacuocsong\" cateid=\"16\" itemid=\"1896\"  href=\" ?tab=sechiacuocsong&postid=1896#\">\n\t\t\t\t\t\t<div class=\"box box-text-bottom box-blog-post has-hover\">\n\t\t\t\t\t\t\t<div class=\"box-image\">\n\t\t\t\t\t\t\t\t<div class=\"image-cover\" style=\"padding-top:56%;\">\n\t\t\t\t\t\t\t\t\t<img loading=\"lazy\" decoding=\"async\" src=\"https:\/\/hungduy.vn\/wp-content\/uploads\/2021\/12\/1586760832-253-nguoi-ngheo-xep-hang-nhan-gao-mien-phi-tu-may-atm-nha-gao-o-dak-lak-nh-2-1586760609-width4096height2730-scaled.jpeg\" class=\"attachment-medium size-medium wp-post-image\" alt=\"\" width=\"762\" height=\"400\">  \n\t\t\t\t\t\t\t\t<\/div>\n\t\t\t\t\t\t\t<\/div>\n\t\t\t\t\t\t\t<div class=\"box-text text-left\">\n\t\t\t\t\t\t\t\t<div class=\"box-text-inner blog-post-inner\">\n\t\t\t\t\t\t\t\t\t<h5 class=\"post-title is-large uppercase\">C\u00c2Y &#8220;ATM G\u1ea0O&#8221; \u1ea4M L\u00d2NG M\u00d9A D\u1ecaCH COVID<\/h5>\n\t\t\t\t\t\t\t\t\t<div class=\"is-divider\"><\/div>\n\t\t\t\t\t\t\t\t\n\t\t\t\t\t\t\t\t\t<p class=\"from_the_blog_excerpt \">\n\t\t\t\t\t\t\t\t\t\t Anh Ho\u00e0ng Tu\u1ea5n Anh ch\u00ednh l\u00e0 ng\u01b0\u1eddi n\u1ea3y ra \u00fd t\u01b0\u1edfng...\t\t\t\t\t\t\t\t\t<\/p>\n\t\t\t\t\t\t\t\t<\/div>\n\t\t\t\t\t\t\t<\/div>\n\t\t\t\t\t\t<\/div>\n\t\t\t\t\t<\/a>\n\t\t\t\t<\/div>\n\t\t\t\t<\/div>\t\n\t\t\t\t\n\t\t\t<div style=\"\" class=\"col item-col-v item-tab-sechiacuocsong  medium-3 small-12 large-3 post-item\">\n\t\t\t<div class=\"col-inner\">\n\t\t\t\t\t\n\t\t\t\t\t<a class=\"plain\" tabname=\"sechiacuocsong\" cateid=\"16\" itemid=\"1926\"  href=\" ?tab=sechiacuocsong&postid=1926#\">\n\t\t\t\t\t\t<div class=\"box box-text-bottom box-blog-post has-hover\">\n\t\t\t\t\t\t\t<div class=\"box-image\">\n\t\t\t\t\t\t\t\t<div class=\"image-cover\" style=\"padding-top:56%;\">\n\t\t\t\t\t\t\t\t\t<img loading=\"lazy\" decoding=\"async\" src=\"https:\/\/hungduy.vn\/wp-content\/uploads\/2021\/12\/PSX-20210111-082738-1610328524.jpg\" class=\"attachment-medium size-medium wp-post-image\" alt=\"\" width=\"762\" height=\"400\">  \n\t\t\t\t\t\t\t\t<\/div>\n\t\t\t\t\t\t\t<\/div>\n\t\t\t\t\t\t\t<div class=\"box-text text-left\">\n\t\t\t\t\t\t\t\t<div class=\"box-text-inner blog-post-inner\">\n\t\t\t\t\t\t\t\t\t<h5 class=\"post-title is-large uppercase\">NH\u00d3M CH\u1ee4P H\u00ccNH C\u01af\u1edaI CHO NG\u01af\u1edcI KHUY\u1ebeT T\u1eacT<\/h5>\n\t\t\t\t\t\t\t\t\t<div class=\"is-divider\"><\/div>\n\t\t\t\t\t\t\t\t\n\t\t\t\t\t\t\t\t\t<p class=\"from_the_blog_excerpt \">\n\t\t\t\t\t\t\t\t\t\t Anh Tr\u1ea7n Kh\u1eafc Huynh...\t\t\t\t\t\t\t\t\t<\/p>\n\t\t\t\t\t\t\t\t<\/div>\n\t\t\t\t\t\t\t<\/div>\n\t\t\t\t\t\t<\/div>\n\t\t\t\t\t<\/a>\n\t\t\t\t<\/div>\n\t\t\t\t<\/div>\t\n\t\t\t\t\n\t\t\t<div style=\"\" class=\"col item-col-v item-tab-sechiacuocsong  medium-3 small-12 large-3 post-item\">\n\t\t\t<div class=\"col-inner\">\n\t\t\t\t\t\n\t\t\t\t\t<a class=\"plain\" tabname=\"sechiacuocsong\" cateid=\"16\" itemid=\"1908\"  href=\" ?tab=sechiacuocsong&postid=1908#\">\n\t\t\t\t\t\t<div class=\"box box-text-bottom box-blog-post has-hover\">\n\t\t\t\t\t\t\t<div class=\"box-image\">\n\t\t\t\t\t\t\t\t<div class=\"image-cover\" style=\"padding-top:56%;\">\n\t\t\t\t\t\t\t\t\t<img loading=\"lazy\" decoding=\"async\" src=\"https:\/\/hungduy.vn\/wp-content\/uploads\/2021\/12\/hinh7.jpg\" class=\"attachment-medium size-medium wp-post-image\" alt=\"\" width=\"762\" height=\"400\">  \n\t\t\t\t\t\t\t\t<\/div>\n\t\t\t\t\t\t\t<\/div>\n\t\t\t\t\t\t\t<div class=\"box-text text-left\">\n\t\t\t\t\t\t\t\t<div class=\"box-text-inner blog-post-inner\">\n\t\t\t\t\t\t\t\t\t<h5 class=\"post-title is-large uppercase\">T\u1eb6NG PH\u1ea6N \u0102N KHUYA \u1ea4M L\u00d2NG CHO NG\u01af\u1edcI V\u00d4 GIA C\u01af M\u00d9A COVID<\/h5>\n\t\t\t\t\t\t\t\t\t<div class=\"is-divider\"><\/div>\n\t\t\t\t\t\t\t\t\n\t\t\t\t\t\t\t\t\t<p class=\"from_the_blog_excerpt \">\n\t\t\t\t\t\t\t\t\t\t \t\t\t\t\t\t\t\t\t<\/p>\n\t\t\t\t\t\t\t\t<\/div>\n\t\t\t\t\t\t\t<\/div>\n\t\t\t\t\t\t<\/div>\n\t\t\t\t\t<\/a>\n\t\t\t\t<\/div>\n\t\t\t\t<\/div>\t\n\t\t\t\t\n\t\t\t<div style=\"\" class=\"col item-col-v item-tab-sechiacuocsong  medium-3 small-12 large-3 post-item\">\n\t\t\t<div class=\"col-inner\">\n\t\t\t\t\t\n\t\t\t\t\t<a class=\"plain\" tabname=\"sechiacuocsong\" cateid=\"16\" itemid=\"1922\"  href=\" ?tab=sechiacuocsong&postid=1922#\">\n\t\t\t\t\t\t<div class=\"box box-text-bottom box-blog-post has-hover\">\n\t\t\t\t\t\t\t<div class=\"box-image\">\n\t\t\t\t\t\t\t\t<div class=\"image-cover\" style=\"padding-top:56%;\">\n\t\t\t\t\t\t\t\t\t<img loading=\"lazy\" decoding=\"async\" src=\"https:\/\/hungduy.vn\/wp-content\/uploads\/2021\/12\/ns1-158495006510431848898.jpg\" class=\"attachment-medium size-medium wp-post-image\" alt=\"\" width=\"762\" height=\"400\">  \n\t\t\t\t\t\t\t\t<\/div>\n\t\t\t\t\t\t\t<\/div>\n\t\t\t\t\t\t\t<div class=\"box-text text-left\">\n\t\t\t\t\t\t\t\t<div class=\"box-text-inner blog-post-inner\">\n\t\t\t\t\t\t\t\t\t<h5 class=\"post-title is-large uppercase\">NH\u1eeeNG C\u00c2U CHUY\u1ec6N C\u1ea2M \u0110\u1ed8NG TRONG M\u00d9A D\u1ecaCH COVID-19<\/h5>\n\t\t\t\t\t\t\t\t\t<div class=\"is-divider\"><\/div>\n\t\t\t\t\t\t\t\t\n\t\t\t\t\t\t\t\t\t<p class=\"from_the_blog_excerpt \">\n\t\t\t\t\t\t\t\t\t\t \t\t\t\t\t\t\t\t\t<\/p>\n\t\t\t\t\t\t\t\t<\/div>\n\t\t\t\t\t\t\t<\/div>\n\t\t\t\t\t\t<\/div>\n\t\t\t\t\t<\/a>\n\t\t\t\t<\/div>\n\t\t\t\t<\/div>\t\n\t\t\t\t\n\t\t\t<div style=\"\" class=\"col item-col-v item-tab-sechiacuocsong  medium-3 small-12 large-3 post-item\">\n\t\t\t<div class=\"col-inner\">\n\t\t\t\t\t\n\t\t\t\t\t<a class=\"plain\" tabname=\"sechiacuocsong\" cateid=\"16\" itemid=\"1899\"  href=\" ?tab=sechiacuocsong&postid=1899#\">\n\t\t\t\t\t\t<div class=\"box box-text-bottom box-blog-post has-hover\">\n\t\t\t\t\t\t\t<div class=\"box-image\">\n\t\t\t\t\t\t\t\t<div class=\"image-cover\" style=\"padding-top:56%;\">\n\t\t\t\t\t\t\t\t\t<img loading=\"lazy\" decoding=\"async\" src=\"https:\/\/hungduy.vn\/wp-content\/uploads\/2021\/12\/hinh-9.png\" class=\"attachment-medium size-medium wp-post-image\" alt=\"\" width=\"762\" height=\"400\">  \n\t\t\t\t\t\t\t\t<\/div>\n\t\t\t\t\t\t\t<\/div>\n\t\t\t\t\t\t\t<div class=\"box-text text-left\">\n\t\t\t\t\t\t\t\t<div class=\"box-text-inner blog-post-inner\">\n\t\t\t\t\t\t\t\t\t<h5 class=\"post-title is-large uppercase\">10 N\u0102M C\u00d5NG B\u1ea0N \u0110I H\u1eccC<\/h5>\n\t\t\t\t\t\t\t\t\t<div class=\"is-divider\"><\/div>\n\t\t\t\t\t\t\t\t\n\t\t\t\t\t\t\t\t\t<p class=\"from_the_blog_excerpt \">\n\t\t\t\t\t\t\t\t\t\t Gi\u1eefa d\u00f2ng \u0111\u1eddi x\u00f4 b\u1ed3, ng\u00e0y c\u00e0ng kh\u00f3 kh\u0103n...\t\t\t\t\t\t\t\t\t<\/p>\n\t\t\t\t\t\t\t\t<\/div>\n\t\t\t\t\t\t\t<\/div>\n\t\t\t\t\t\t<\/div>\n\t\t\t\t\t<\/a>\n\t\t\t\t<\/div>\n\t\t\t\t<\/div>\t\n\t\t\t\t\n\t\t\t<div style=\"\" class=\"col item-col-v item-tab-sechiacuocsong  medium-3 small-12 large-3 post-item\">\n\t\t\t<div class=\"col-inner\">\n\t\t\t\t\t\n\t\t\t\t\t<a class=\"plain\" tabname=\"sechiacuocsong\" cateid=\"16\" itemid=\"1924\"  href=\" ?tab=sechiacuocsong&postid=1924#\">\n\t\t\t\t\t\t<div class=\"box box-text-bottom box-blog-post has-hover\">\n\t\t\t\t\t\t\t<div class=\"box-image\">\n\t\t\t\t\t\t\t\t<div class=\"image-cover\" style=\"padding-top:56%;\">\n\t\t\t\t\t\t\t\t\t<img loading=\"lazy\" decoding=\"async\" src=\"https:\/\/hungduy.vn\/wp-content\/uploads\/2021\/12\/PSX-20210505-212055-6041-1620225591.jpg\" class=\"attachment-medium size-medium wp-post-image\" alt=\"\" width=\"762\" height=\"400\">  \n\t\t\t\t\t\t\t\t<\/div>\n\t\t\t\t\t\t\t<\/div>\n\t\t\t\t\t\t\t<div class=\"box-text text-left\">\n\t\t\t\t\t\t\t\t<div class=\"box-text-inner blog-post-inner\">\n\t\t\t\t\t\t\t\t\t<h5 class=\"post-title is-large uppercase\">NG\u01af\u1edcI \u0110\u00c0N \u00d4NG 20 N\u0102M S\u1eecA GI\u00c0Y MI\u1ec4N PH\u00cd<\/h5>\n\t\t\t\t\t\t\t\t\t<div class=\"is-divider\"><\/div>\n\t\t\t\t\t\t\t\t\n\t\t\t\t\t\t\t\t\t<p class=\"from_the_blog_excerpt \">\n\t\t\t\t\t\t\t\t\t\t Bu\u1ed5i tr\u01b0a, tr\u00ean \u0111\u01b0\u1eddng Nguy\u1ec5n Thi\u1ec7n Thu\u1eadt...\t\t\t\t\t\t\t\t\t<\/p>\n\t\t\t\t\t\t\t\t<\/div>\n\t\t\t\t\t\t\t<\/div>\n\t\t\t\t\t\t<\/div>\n\t\t\t\t\t<\/a>\n\t\t\t\t<\/div>\n\t\t\t\t<\/div>\t\n\t\t\t\t\n\t\t\t<div style=\"\" class=\"col item-col-v item-tab-sechiacuocsong  medium-3 small-12 large-3 post-item\">\n\t\t\t<div class=\"col-inner\">\n\t\t\t\t\t\n\t\t\t\t\t<a class=\"plain\" tabname=\"sechiacuocsong\" cateid=\"16\" itemid=\"1913\"  href=\" ?tab=sechiacuocsong&postid=1913#\">\n\t\t\t\t\t\t<div class=\"box box-text-bottom box-blog-post has-hover\">\n\t\t\t\t\t\t\t<div class=\"box-image\">\n\t\t\t\t\t\t\t\t<div class=\"image-cover\" style=\"padding-top:56%;\">\n\t\t\t\t\t\t\t\t\t<img loading=\"lazy\" decoding=\"async\" src=\"https:\/\/hungduy.vn\/wp-content\/uploads\/2021\/12\/ganhxoi2_ijjp.jpg\" class=\"attachment-medium size-medium wp-post-image\" alt=\"\" width=\"762\" height=\"400\">  \n\t\t\t\t\t\t\t\t<\/div>\n\t\t\t\t\t\t\t<\/div>\n\t\t\t\t\t\t\t<div class=\"box-text text-left\">\n\t\t\t\t\t\t\t\t<div class=\"box-text-inner blog-post-inner\">\n\t\t\t\t\t\t\t\t\t<h5 class=\"post-title is-large uppercase\">M\u1ed8T G\u00d3I X\u00d4I, TH\u1ea4Y 3 NG\u01af\u1edcI L\u01af\u01a0NG THI\u1ec6N<\/h5>\n\t\t\t\t\t\t\t\t\t<div class=\"is-divider\"><\/div>\n\t\t\t\t\t\t\t\t\n\t\t\t\t\t\t\t\t\t<p class=\"from_the_blog_excerpt \">\n\t\t\t\t\t\t\t\t\t\t Trang Facebook Vi\u1ec7c t\u1eed t\u1ebf chia s\u1ebb b\u00e0i vi\u1ebft...\t\t\t\t\t\t\t\t\t<\/p>\n\t\t\t\t\t\t\t\t<\/div>\n\t\t\t\t\t\t\t<\/div>\n\t\t\t\t\t\t<\/div>\n\t\t\t\t\t<\/a>\n\t\t\t\t<\/div>\n\t\t\t\t<\/div>\t\n\t\t\t\t\n\t\t\n\t\t<\/div>\n\t\t\t<\/div>\n\n\t\n<\/div>\n\t\t<\/div>\n\t\t\t<\/div>\n\n\t\n<\/div>\n\t\t<\/div>\n\n\t\t\n<style>\n#section_2126754826 {\n  padding-top: 10px;\n  padding-bottom: 10px;\n}\n<\/style>\n\t<\/section>\n\t\n","protected":false},"excerpt":{"rendered":"","protected":false},"author":1,"featured_media":0,"parent":0,"menu_order":0,"comment_status":"closed","ping_status":"closed","template":"page-blank.php","meta":{"footnotes":""},"class_list":["post-6478","page","type-page","status-publish","hentry"],"yoast_head":"<!-- This site is optimized with the Yoast SEO plugin v17.1 - https:\/\/yoast.com\/wordpress\/plugins\/seo\/ -->\n<title>Life share - C\u00f4ng Ty H\u00f9ng Duy<\/title>\n<meta name=\"robots\" content=\"index, follow, max-snippet:-1, max-image-preview:large, max-video-preview:-1\" \/>\n<link rel=\"canonical\" href=\"https:\/\/hungduy.vn\/life-share\/\" \/>\n<meta property=\"og:locale\" content=\"vi_VN\" \/>\n<meta property=\"og:type\" content=\"article\" \/>\n<meta property=\"og:title\" content=\"Life share - C\u00f4ng Ty H\u00f9ng Duy\" \/>\n<meta property=\"og:url\" content=\"https:\/\/hungduy.vn\/en\/life-share\/\" \/>\n<meta property=\"og:site_name\" content=\"C\u00f4ng Ty H\u00f9ng Duy\" \/>\n<meta name=\"twitter:card\" content=\"summary_large_image\" \/>\n<script type=\"application\/ld+json\" class=\"yoast-schema-graph\">{\"@context\":\"https:\/\/schema.org\",\"@graph\":[{\"@type\":\"WebSite\",\"@id\":\"https:\/\/hungduy.vn\/#website\",\"url\":\"https:\/\/hungduy.vn\/\",\"name\":\"C\\u00f4ng Ty H\\u00f9ng Duy\",\"description\":\"\",\"potentialAction\":[{\"@type\":\"SearchAction\",\"target\":{\"@type\":\"EntryPoint\",\"urlTemplate\":\"https:\/\/hungduy.vn\/?s={search_term_string}\"},\"query-input\":\"required name=search_term_string\"}],\"inLanguage\":\"vi-VN\"},{\"@type\":\"WebPage\",\"@id\":\"https:\/\/hungduy.vn\/en\/life-share\/#webpage\",\"url\":\"https:\/\/hungduy.vn\/en\/life-share\/\",\"name\":\"Life share - C\\u00f4ng Ty H\\u00f9ng Duy\",\"isPartOf\":{\"@id\":\"https:\/\/hungduy.vn\/#website\"},\"datePublished\":\"2023-04-25T08:13:59+00:00\",\"dateModified\":\"2023-04-25T08:13:59+00:00\",\"breadcrumb\":{\"@id\":\"https:\/\/hungduy.vn\/en\/life-share\/#breadcrumb\"},\"inLanguage\":\"vi-VN\",\"potentialAction\":[{\"@type\":\"ReadAction\",\"target\":[\"https:\/\/hungduy.vn\/en\/life-share\/\"]}]},{\"@type\":\"BreadcrumbList\",\"@id\":\"https:\/\/hungduy.vn\/en\/life-share\/#breadcrumb\",\"itemListElement\":[{\"@type\":\"ListItem\",\"position\":1,\"name\":\"Trang ch\\u1ee7\",\"item\":\"https:\/\/hungduy.vn\/\"},{\"@type\":\"ListItem\",\"position\":2,\"name\":\"Life share\"}]}]}<\/script>\n<!-- \/ Yoast SEO plugin. -->","yoast_head_json":{"title":"Life share - C\u00f4ng Ty H\u00f9ng Duy","robots":{"index":"index","follow":"follow","max-snippet":"max-snippet:-1","max-image-preview":"max-image-preview:large","max-video-preview":"max-video-preview:-1"},"canonical":"https:\/\/hungduy.vn\/life-share\/","og_locale":"vi_VN","og_type":"article","og_title":"Life share - C\u00f4ng Ty H\u00f9ng Duy","og_url":"https:\/\/hungduy.vn\/en\/life-share\/","og_site_name":"C\u00f4ng Ty H\u00f9ng Duy","twitter_card":"summary_large_image","schema":{"@context":"https:\/\/schema.org","@graph":[{"@type":"WebSite","@id":"https:\/\/hungduy.vn\/#website","url":"https:\/\/hungduy.vn\/","name":"C\u00f4ng Ty H\u00f9ng Duy","description":"","potentialAction":[{"@type":"SearchAction","target":{"@type":"EntryPoint","urlTemplate":"https:\/\/hungduy.vn\/?s={search_term_string}"},"query-input":"required name=search_term_string"}],"inLanguage":"vi-VN"},{"@type":"WebPage","@id":"https:\/\/hungduy.vn\/en\/life-share\/#webpage","url":"https:\/\/hungduy.vn\/en\/life-share\/","name":"Life share - C\u00f4ng Ty H\u00f9ng Duy","isPartOf":{"@id":"https:\/\/hungduy.vn\/#website"},"datePublished":"2023-04-25T08:13:59+00:00","dateModified":"2023-04-25T08:13:59+00:00","breadcrumb":{"@id":"https:\/\/hungduy.vn\/en\/life-share\/#breadcrumb"},"inLanguage":"vi-VN","potentialAction":[{"@type":"ReadAction","target":["https:\/\/hungduy.vn\/en\/life-share\/"]}]},{"@type":"BreadcrumbList","@id":"https:\/\/hungduy.vn\/en\/life-share\/#breadcrumb","itemListElement":[{"@type":"ListItem","position":1,"name":"Trang ch\u1ee7","item":"https:\/\/hungduy.vn\/"},{"@type":"ListItem","position":2,"name":"Life share"}]}]}},"_links":{"self":[{"href":"https:\/\/hungduy.vn\/en\/wp-json\/wp\/v2\/pages\/6478\/"}],"collection":[{"href":"https:\/\/hungduy.vn\/en\/wp-json\/wp\/v2\/pages\/"}],"about":[{"href":"https:\/\/hungduy.vn\/en\/wp-json\/wp\/v2\/types\/page\/"}],"author":[{"embeddable":true,"href":"https:\/\/hungduy.vn\/en\/wp-json\/wp\/v2\/users\/1\/"}],"replies":[{"embeddable":true,"href":"https:\/\/hungduy.vn\/en\/wp-json\/wp\/v2\/comments\/?post=6478"}],"version-history":[{"count":2,"href":"https:\/\/hungduy.vn\/en\/wp-json\/wp\/v2\/pages\/6478\/revisions\/"}],"predecessor-version":[{"id":6480,"href":"https:\/\/hungduy.vn\/en\/wp-json\/wp\/v2\/pages\/6478\/revisions\/6480\/"}],"wp:attachment":[{"href":"https:\/\/hungduy.vn\/en\/wp-json\/wp\/v2\/media\/?parent=6478"}],"curies":[{"name":"wp","href":"https:\/\/api.w.org\/{rel}","templated":true}]}}