{"id":6482,"date":"2023-04-25T15:15:11","date_gmt":"2023-04-25T08:15:11","guid":{"rendered":"https:\/\/hungduy.vn\/?page_id=6482"},"modified":"2023-04-25T15:15:11","modified_gmt":"2023-04-25T08:15:11","slug":"life-beauty","status":"publish","type":"page","link":"https:\/\/hungduy.vn\/en\/life-beauty\/","title":{"rendered":"Life Beauty"},"content":{"rendered":"\t<section class=\"section\" id=\"section_581339711\">\n\t\t<div class=\"bg section-bg fill bg-fill  bg-loaded\" >\n\n\t\t\t\n\t\t\t\n\t\t\t\n\n\t\t<\/div>\n\n\t\t<div class=\"section-content relative\">\n\t\t\t\n\t<div id=\"gap-28381772\" class=\"gap-element clearfix\" style=\"display:block; height:auto;\">\n\t\t\n<style>\n#gap-28381772 {\n  padding-top: 60px;\n}\n<\/style>\n\t<\/div>\n\t\n<div class=\"row\"  id=\"row-193819003\">\n\n\t<div id=\"col-963711369\" class=\"col small-12 large-12\"  >\n\t\t<div class=\"col-inner\"  >\n\t\t\t\n\t\t\t\n\t<div id=\"text-3270378264\" class=\"text\">\n\t\t\n<h2 class=\"uppercase\">S\u1ed1ng \u0111\u1eb9p<\/h2>\n\t\t\n<style>\n#text-3270378264 {\n  text-align: center;\n}\n<\/style>\n\t<\/div>\n\t\n\t<div id=\"gap-886416372\" class=\"gap-element clearfix\" style=\"display:block; height:auto;\">\n\t\t\n<style>\n#gap-886416372 {\n  padding-top: 20px;\n}\n<\/style>\n\t<\/div>\n\t\n<div class=\"row\"  id=\"row-1276775688\">\n\n\t<div id=\"col-1386938988\" class=\"col small-12 large-12\"  >\n\t\t<div class=\"col-inner\"  >\n\t\t\t\n\t\t\t\n\n\t\t<div  id=\"tab-songdep\" class=\"loadmore_post_button_4 row row-full-width has-shadow row-box-shadow-1\"> \n\t\t\n\t\t\t\n\t\t\t<div style=\"\" class=\"col item-col-v item-tab-songdep  medium-3 small-12 large-3 post-item\">\n\t\t\t<div class=\"col-inner\">\n\t\t\t\t\t\n\t\t\t\t\t<a class=\"plain\" tabname=\"songdep\" cateid=\"17\" itemid=\"1945\"  href=\" ?tab=songdep&postid=1945#\">\n\t\t\t\t\t\t<div class=\"box box-text-bottom box-blog-post has-hover\">\n\t\t\t\t\t\t\t<div class=\"box-image\">\n\t\t\t\t\t\t\t\t<div class=\"image-cover\" style=\"padding-top:56%;\">\n\t\t\t\t\t\t\t\t\t<img loading=\"lazy\" decoding=\"async\" src=\"https:\/\/hungduy.vn\/wp-content\/uploads\/2021\/12\/3_2.jpg\" class=\"attachment-medium size-medium wp-post-image\" alt=\"\" width=\"762\" height=\"400\">  \n\t\t\t\t\t\t\t\t<\/div>\n\t\t\t\t\t\t\t<\/div>\n\t\t\t\t\t\t\t<div class=\"box-text text-left\">\n\t\t\t\t\t\t\t\t<div class=\"box-text-inner blog-post-inner\">\n\t\t\t\t\t\t\t\t\t<h5 class=\"post-title is-large uppercase\">L\u1edaP TI\u1ebeNG ANH CHO TR\u1eba EM NGH\u00c8O V\u00d9NG QU\u00ca C\u1ee6A C\u00d4 GI\u00c1O KH\u00d4NG C\u00d3 2 TAY<\/h5>\n\t\t\t\t\t\t\t\t\t<div class=\"is-divider\"><\/div>\n\t\t\t\t\t\t\t\t\n\t\t\t\t\t\t\t\t\t<p class=\"from_the_blog_excerpt \">\n\t\t\t\t\t\t\t\t\t\t Kh\u00f4ng c\u00f3 2 c\u00e1nh tay t\u1eeb\t\t\t\t\t\t\t\t\t<\/p>\n\t\t\t\t\t\t\t\t<\/div>\n\t\t\t\t\t\t\t<\/div>\n\t\t\t\t\t\t<\/div>\n\t\t\t\t\t<\/a>\n\t\t\t\t<\/div>\n\t\t\t\t<\/div>\t\n\t\t\t\t\n\t\t\t<div style=\"\" class=\"col item-col-v item-tab-songdep  medium-3 small-12 large-3 post-item\">\n\t\t\t<div class=\"col-inner\">\n\t\t\t\t\t\n\t\t\t\t\t<a class=\"plain\" tabname=\"songdep\" cateid=\"17\" itemid=\"1930\"  href=\" ?tab=songdep&postid=1930#\">\n\t\t\t\t\t\t<div class=\"box box-text-bottom box-blog-post has-hover\">\n\t\t\t\t\t\t\t<div class=\"box-image\">\n\t\t\t\t\t\t\t\t<div class=\"image-cover\" style=\"padding-top:56%;\">\n\t\t\t\t\t\t\t\t\t<img loading=\"lazy\" decoding=\"async\" src=\"https:\/\/hungduy.vn\/wp-content\/uploads\/2021\/12\/anh11_pzuv.jpg\" class=\"attachment-medium size-medium wp-post-image\" alt=\"\" width=\"762\" height=\"400\">  \n\t\t\t\t\t\t\t\t<\/div>\n\t\t\t\t\t\t\t<\/div>\n\t\t\t\t\t\t\t<div class=\"box-text text-left\">\n\t\t\t\t\t\t\t\t<div class=\"box-text-inner blog-post-inner\">\n\t\t\t\t\t\t\t\t\t<h5 class=\"post-title is-large uppercase\">NGUY\u1ec4N V\u0102N \u0110\u1ee8C V\u00c0 H\u00c0NH TR\u00ccNH 17 N\u0102M NH\u1eb6T R\u00c1C C\u1ee8U BI\u1ec2N<\/h5>\n\t\t\t\t\t\t\t\t\t<div class=\"is-divider\"><\/div>\n\t\t\t\t\t\t\t\t\n\t\t\t\t\t\t\t\t\t<p class=\"from_the_blog_excerpt \">\n\t\t\t\t\t\t\t\t\t\t L\u00e0 hu\u1ea5n luy\u1ec7n vi\u00ean l\u1eb7n bi\u1ec3n, m\u1ed7i ng\u00e0y l\u00e0m vi\u1ec7c g\u1eafn v\u1edbi\t\t\t\t\t\t\t\t\t<\/p>\n\t\t\t\t\t\t\t\t<\/div>\n\t\t\t\t\t\t\t<\/div>\n\t\t\t\t\t\t<\/div>\n\t\t\t\t\t<\/a>\n\t\t\t\t<\/div>\n\t\t\t\t<\/div>\t\n\t\t\t\t\n\t\t\n\t\t<\/div>\n\t\t\t<\/div>\n\n\t\n<\/div>\n\t\t<\/div>\n\t\t\t<\/div>\n\n\t\n<\/div>\n\t\t<\/div>\n\n\t\t\n<style>\n#section_581339711 {\n  padding-top: 10px;\n  padding-bottom: 10px;\n}\n<\/style>\n\t<\/section>\n\t\n","protected":false},"excerpt":{"rendered":"","protected":false},"author":1,"featured_media":0,"parent":0,"menu_order":0,"comment_status":"closed","ping_status":"closed","template":"page-blank.php","meta":{"footnotes":""},"class_list":["post-6482","page","type-page","status-publish","hentry"],"yoast_head":"<!-- This site is optimized with the Yoast SEO plugin v17.1 - https:\/\/yoast.com\/wordpress\/plugins\/seo\/ -->\n<title>Life Beauty - C\u00f4ng Ty H\u00f9ng Duy<\/title>\n<meta name=\"robots\" content=\"index, follow, max-snippet:-1, max-image-preview:large, max-video-preview:-1\" \/>\n<link rel=\"canonical\" href=\"https:\/\/hungduy.vn\/life-beauty\/\" \/>\n<meta property=\"og:locale\" content=\"vi_VN\" \/>\n<meta property=\"og:type\" content=\"article\" \/>\n<meta property=\"og:title\" content=\"Life Beauty - C\u00f4ng Ty H\u00f9ng Duy\" \/>\n<meta property=\"og:url\" content=\"https:\/\/hungduy.vn\/en\/life-beauty\/\" \/>\n<meta property=\"og:site_name\" content=\"C\u00f4ng Ty H\u00f9ng Duy\" \/>\n<meta name=\"twitter:card\" content=\"summary_large_image\" \/>\n<script type=\"application\/ld+json\" class=\"yoast-schema-graph\">{\"@context\":\"https:\/\/schema.org\",\"@graph\":[{\"@type\":\"WebSite\",\"@id\":\"https:\/\/hungduy.vn\/#website\",\"url\":\"https:\/\/hungduy.vn\/\",\"name\":\"C\\u00f4ng Ty H\\u00f9ng Duy\",\"description\":\"\",\"potentialAction\":[{\"@type\":\"SearchAction\",\"target\":{\"@type\":\"EntryPoint\",\"urlTemplate\":\"https:\/\/hungduy.vn\/?s={search_term_string}\"},\"query-input\":\"required name=search_term_string\"}],\"inLanguage\":\"vi-VN\"},{\"@type\":\"WebPage\",\"@id\":\"https:\/\/hungduy.vn\/en\/life-beauty\/#webpage\",\"url\":\"https:\/\/hungduy.vn\/en\/life-beauty\/\",\"name\":\"Life Beauty - C\\u00f4ng Ty H\\u00f9ng Duy\",\"isPartOf\":{\"@id\":\"https:\/\/hungduy.vn\/#website\"},\"datePublished\":\"2023-04-25T08:15:11+00:00\",\"dateModified\":\"2023-04-25T08:15:11+00:00\",\"breadcrumb\":{\"@id\":\"https:\/\/hungduy.vn\/en\/life-beauty\/#breadcrumb\"},\"inLanguage\":\"vi-VN\",\"potentialAction\":[{\"@type\":\"ReadAction\",\"target\":[\"https:\/\/hungduy.vn\/en\/life-beauty\/\"]}]},{\"@type\":\"BreadcrumbList\",\"@id\":\"https:\/\/hungduy.vn\/en\/life-beauty\/#breadcrumb\",\"itemListElement\":[{\"@type\":\"ListItem\",\"position\":1,\"name\":\"Trang ch\\u1ee7\",\"item\":\"https:\/\/hungduy.vn\/\"},{\"@type\":\"ListItem\",\"position\":2,\"name\":\"Life Beauty\"}]}]}<\/script>\n<!-- \/ Yoast SEO plugin. -->","yoast_head_json":{"title":"Life Beauty - C\u00f4ng Ty H\u00f9ng Duy","robots":{"index":"index","follow":"follow","max-snippet":"max-snippet:-1","max-image-preview":"max-image-preview:large","max-video-preview":"max-video-preview:-1"},"canonical":"https:\/\/hungduy.vn\/life-beauty\/","og_locale":"vi_VN","og_type":"article","og_title":"Life Beauty - C\u00f4ng Ty H\u00f9ng Duy","og_url":"https:\/\/hungduy.vn\/en\/life-beauty\/","og_site_name":"C\u00f4ng Ty H\u00f9ng Duy","twitter_card":"summary_large_image","schema":{"@context":"https:\/\/schema.org","@graph":[{"@type":"WebSite","@id":"https:\/\/hungduy.vn\/#website","url":"https:\/\/hungduy.vn\/","name":"C\u00f4ng Ty H\u00f9ng Duy","description":"","potentialAction":[{"@type":"SearchAction","target":{"@type":"EntryPoint","urlTemplate":"https:\/\/hungduy.vn\/?s={search_term_string}"},"query-input":"required name=search_term_string"}],"inLanguage":"vi-VN"},{"@type":"WebPage","@id":"https:\/\/hungduy.vn\/en\/life-beauty\/#webpage","url":"https:\/\/hungduy.vn\/en\/life-beauty\/","name":"Life Beauty - C\u00f4ng Ty H\u00f9ng Duy","isPartOf":{"@id":"https:\/\/hungduy.vn\/#website"},"datePublished":"2023-04-25T08:15:11+00:00","dateModified":"2023-04-25T08:15:11+00:00","breadcrumb":{"@id":"https:\/\/hungduy.vn\/en\/life-beauty\/#breadcrumb"},"inLanguage":"vi-VN","potentialAction":[{"@type":"ReadAction","target":["https:\/\/hungduy.vn\/en\/life-beauty\/"]}]},{"@type":"BreadcrumbList","@id":"https:\/\/hungduy.vn\/en\/life-beauty\/#breadcrumb","itemListElement":[{"@type":"ListItem","position":1,"name":"Trang ch\u1ee7","item":"https:\/\/hungduy.vn\/"},{"@type":"ListItem","position":2,"name":"Life Beauty"}]}]}},"_links":{"self":[{"href":"https:\/\/hungduy.vn\/en\/wp-json\/wp\/v2\/pages\/6482\/"}],"collection":[{"href":"https:\/\/hungduy.vn\/en\/wp-json\/wp\/v2\/pages\/"}],"about":[{"href":"https:\/\/hungduy.vn\/en\/wp-json\/wp\/v2\/types\/page\/"}],"author":[{"embeddable":true,"href":"https:\/\/hungduy.vn\/en\/wp-json\/wp\/v2\/users\/1\/"}],"replies":[{"embeddable":true,"href":"https:\/\/hungduy.vn\/en\/wp-json\/wp\/v2\/comments\/?post=6482"}],"version-history":[{"count":1,"href":"https:\/\/hungduy.vn\/en\/wp-json\/wp\/v2\/pages\/6482\/revisions\/"}],"predecessor-version":[{"id":6483,"href":"https:\/\/hungduy.vn\/en\/wp-json\/wp\/v2\/pages\/6482\/revisions\/6483\/"}],"wp:attachment":[{"href":"https:\/\/hungduy.vn\/en\/wp-json\/wp\/v2\/media\/?parent=6482"}],"curies":[{"name":"wp","href":"https:\/\/api.w.org\/{rel}","templated":true}]}}